{"id":11,"date":"2013-01-07T17:26:40","date_gmt":"2013-01-07T15:26:40","guid":{"rendered":"http:\/\/www.feuerwehr-bruderhof.at\/wp2\/?page_id=11"},"modified":"2024-08-22T19:35:29","modified_gmt":"2024-08-22T17:35:29","slug":"ausrustung","status":"publish","type":"page","link":"https:\/\/www.feuerwehr-bruderhof.at\/wp2\/ausrustung\/","title":{"rendered":"Ausr\u00fcstung"},"content":{"rendered":"<p>Hier k\u00f6nnen Sie sich \u00fcber unsere Fahrzeuge und unser Feuerwehrhaus informieren:<\/p>\n<figure id=\"attachment_8806\" aria-describedby=\"caption-attachment-8806\" style=\"width: 250px\" class=\"wp-caption aligncenter\"><a href=\"https:\/\/www.feuerwehr-bruderhof.at\/wp2\/ausrustung\/fahrzeuge\/\"><img loading=\"lazy\" decoding=\"async\" class=\"wp-image-8806 size-medium\" src=\"https:\/\/www.feuerwehr-bruderhof.at\/wp2\/wp-content\/uploads\/2016\/02\/DSC_2417-250x166.jpg\" alt=\"\" width=\"250\" height=\"166\" srcset=\"https:\/\/www.feuerwehr-bruderhof.at\/wp2\/wp-content\/uploads\/2016\/02\/DSC_2417-250x166.jpg 250w, https:\/\/www.feuerwehr-bruderhof.at\/wp2\/wp-content\/uploads\/2016\/02\/DSC_2417-150x100.jpg 150w, https:\/\/www.feuerwehr-bruderhof.at\/wp2\/wp-content\/uploads\/2016\/02\/DSC_2417-768x511.jpg 768w, https:\/\/www.feuerwehr-bruderhof.at\/wp2\/wp-content\/uploads\/2016\/02\/DSC_2417-700x466.jpg 700w, https:\/\/www.feuerwehr-bruderhof.at\/wp2\/wp-content\/uploads\/2016\/02\/DSC_2417.jpg 816w\" sizes=\"auto, (max-width: 250px) 100vw, 250px\" \/><\/a><figcaption id=\"caption-attachment-8806\" class=\"wp-caption-text\"><a href=\"https:\/\/www.feuerwehr-bruderhof.at\/wp2\/ausrustung\/fahrzeuge\/\">Zu den Fahrzeugen<\/a><\/figcaption><\/figure>\n<figure id=\"attachment_8171\" aria-describedby=\"caption-attachment-8171\" style=\"width: 250px\" class=\"wp-caption aligncenter\"><a href=\"https:\/\/www.feuerwehr-bruderhof.at\/wp2\/ausrustung\/feuerwehrhaus\/\"><img loading=\"lazy\" decoding=\"async\" class=\"wp-image-8171 size-medium\" src=\"https:\/\/www.feuerwehr-bruderhof.at\/wp2\/wp-content\/uploads\/2015\/04\/Neue-Wache-1-250x170.jpg\" alt=\"\" width=\"250\" height=\"170\" srcset=\"https:\/\/www.feuerwehr-bruderhof.at\/wp2\/wp-content\/uploads\/2015\/04\/Neue-Wache-1-250x170.jpg 250w, https:\/\/www.feuerwehr-bruderhof.at\/wp2\/wp-content\/uploads\/2015\/04\/Neue-Wache-1-150x102.jpg 150w, https:\/\/www.feuerwehr-bruderhof.at\/wp2\/wp-content\/uploads\/2015\/04\/Neue-Wache-1-700x475.jpg 700w, https:\/\/www.feuerwehr-bruderhof.at\/wp2\/wp-content\/uploads\/2015\/04\/Neue-Wache-1-900x611.jpg 900w\" sizes=\"auto, (max-width: 250px) 100vw, 250px\" \/><\/a><figcaption id=\"caption-attachment-8171\" class=\"wp-caption-text\"><a href=\"https:\/\/www.feuerwehr-bruderhof.at\/wp2\/ausrustung\/feuerwehrhaus\/\">Zum Feuerwehrhaus<\/a><\/figcaption><\/figure>\n","protected":false},"excerpt":{"rendered":"<p>Hier k\u00f6nnen Sie sich \u00fcber unsere Fahrzeuge und unser Feuerwehrhaus informieren:<\/p>\n","protected":false},"author":1,"featured_media":0,"parent":0,"menu_order":3,"comment_status":"closed","ping_status":"closed","template":"","meta":{"footnotes":""},"class_list":["post-11","page","type-page","status-publish","hentry"],"_links":{"self":[{"href":"https:\/\/www.feuerwehr-bruderhof.at\/wp2\/wp-json\/wp\/v2\/pages\/11","targetHints":{"allow":["GET"]}}],"collection":[{"href":"https:\/\/www.feuerwehr-bruderhof.at\/wp2\/wp-json\/wp\/v2\/pages"}],"about":[{"href":"https:\/\/www.feuerwehr-bruderhof.at\/wp2\/wp-json\/wp\/v2\/types\/page"}],"author":[{"embeddable":true,"href":"https:\/\/www.feuerwehr-bruderhof.at\/wp2\/wp-json\/wp\/v2\/users\/1"}],"replies":[{"embeddable":true,"href":"https:\/\/www.feuerwehr-bruderhof.at\/wp2\/wp-json\/wp\/v2\/comments?post=11"}],"version-history":[{"count":38,"href":"https:\/\/www.feuerwehr-bruderhof.at\/wp2\/wp-json\/wp\/v2\/pages\/11\/revisions"}],"predecessor-version":[{"id":40875,"href":"https:\/\/www.feuerwehr-bruderhof.at\/wp2\/wp-json\/wp\/v2\/pages\/11\/revisions\/40875"}],"wp:attachment":[{"href":"https:\/\/www.feuerwehr-bruderhof.at\/wp2\/wp-json\/wp\/v2\/media?parent=11"}],"curies":[{"name":"wp","href":"https:\/\/api.w.org\/{rel}","templated":true}]}}