{"id":1153,"date":"2013-02-01T23:17:15","date_gmt":"2013-02-01T22:17:15","guid":{"rendered":"http:\/\/www.feuerwehr-bruderhof.at\/wp2\/?page_id=1153"},"modified":"2024-02-27T17:04:26","modified_gmt":"2024-02-27T16:04:26","slug":"im-gedenken-an-freunde","status":"publish","type":"page","link":"https:\/\/www.feuerwehr-bruderhof.at\/wp2\/wir-uber-uns\/im-gedenken\/im-gedenken-an-freunde\/","title":{"rendered":"Im Gedenken an Freunde"},"content":{"rendered":"<div id='gallery-1' class='gallery galleryid-1153 gallery-columns-3 gallery-size-thumbnail'><figure class='gallery-item'>\n\t\t\t<div class='gallery-icon portrait'>\n\t\t\t\t<a href='https:\/\/www.feuerwehr-bruderhof.at\/wp2\/wp-content\/uploads\/2018\/09\/Donner-Florian-LZ-gnigl-150-Jahrfeier-2015-Foto-2.jpg'><img loading=\"lazy\" decoding=\"async\" width=\"100\" height=\"150\" src=\"https:\/\/www.feuerwehr-bruderhof.at\/wp2\/wp-content\/uploads\/2018\/09\/Donner-Florian-LZ-gnigl-150-Jahrfeier-2015-Foto-2-100x150.jpg\" class=\"attachment-thumbnail size-thumbnail\" alt=\"\" aria-describedby=\"gallery-1-11805\" srcset=\"https:\/\/www.feuerwehr-bruderhof.at\/wp2\/wp-content\/uploads\/2018\/09\/Donner-Florian-LZ-gnigl-150-Jahrfeier-2015-Foto-2-100x150.jpg 100w, https:\/\/www.feuerwehr-bruderhof.at\/wp2\/wp-content\/uploads\/2018\/09\/Donner-Florian-LZ-gnigl-150-Jahrfeier-2015-Foto-2-250x375.jpg 250w, https:\/\/www.feuerwehr-bruderhof.at\/wp2\/wp-content\/uploads\/2018\/09\/Donner-Florian-LZ-gnigl-150-Jahrfeier-2015-Foto-2-768x1152.jpg 768w, https:\/\/www.feuerwehr-bruderhof.at\/wp2\/wp-content\/uploads\/2018\/09\/Donner-Florian-LZ-gnigl-150-Jahrfeier-2015-Foto-2-700x1050.jpg 700w\" sizes=\"auto, (max-width: 100px) 100vw, 100px\" \/><\/a>\n\t\t\t<\/div>\n\t\t\t\t<figcaption class='wp-caption-text gallery-caption' id='gallery-1-11805'>\n\t\t\t\tMit gro\u00dfer Trauer mussten wir vernehmen, dass unser Freund und Kamerad Florian Donner aus dem LZ Gnigl, viel zu fr\u00fch von uns gegangen ist.  Durch seine sympathische Art, seine Kompetenz und sein unkompliziertes Arbeiten und L\u00f6sen von Problemen, hat er sich \u00fcber die Grenzen seines L\u00f6schz\u00fcges hinaus, Respekt und Anerkennung bei den Kameraden des LZ Bruderhof erworben.  Wir verlieren hier einen gesch\u00e4tzten Kameraden.  Unser Mitgef\u00fchl gilt seiner Familie  Gez.  Das Kommando und die Mannschaft des LZ Bruderhof\n\t\t\t\t<\/figcaption><\/figure><figure class='gallery-item'>\n\t\t\t<div class='gallery-icon portrait'>\n\t\t\t\t<a href='https:\/\/www.feuerwehr-bruderhof.at\/wp2\/wp-content\/uploads\/2017\/02\/Bootsschulung-Oberndorf-Scherfl-G\u00fcnther-2009.jpg'><img loading=\"lazy\" decoding=\"async\" width=\"113\" height=\"150\" src=\"https:\/\/www.feuerwehr-bruderhof.at\/wp2\/wp-content\/uploads\/2017\/02\/Bootsschulung-Oberndorf-Scherfl-G\u00fcnther-2009-113x150.jpg\" class=\"attachment-thumbnail size-thumbnail\" alt=\"\" aria-describedby=\"gallery-1-9544\" srcset=\"https:\/\/www.feuerwehr-bruderhof.at\/wp2\/wp-content\/uploads\/2017\/02\/Bootsschulung-Oberndorf-Scherfl-G\u00fcnther-2009-113x150.jpg 113w, https:\/\/www.feuerwehr-bruderhof.at\/wp2\/wp-content\/uploads\/2017\/02\/Bootsschulung-Oberndorf-Scherfl-G\u00fcnther-2009-250x333.jpg 250w, https:\/\/www.feuerwehr-bruderhof.at\/wp2\/wp-content\/uploads\/2017\/02\/Bootsschulung-Oberndorf-Scherfl-G\u00fcnther-2009-768x1024.jpg 768w, https:\/\/www.feuerwehr-bruderhof.at\/wp2\/wp-content\/uploads\/2017\/02\/Bootsschulung-Oberndorf-Scherfl-G\u00fcnther-2009-700x933.jpg 700w, https:\/\/www.feuerwehr-bruderhof.at\/wp2\/wp-content\/uploads\/2017\/02\/Bootsschulung-Oberndorf-Scherfl-G\u00fcnther-2009.jpg 1536w\" sizes=\"auto, (max-width: 113px) 100vw, 113px\" \/><\/a>\n\t\t\t<\/div>\n\t\t\t\t<figcaption class='wp-caption-text gallery-caption' id='gallery-1-9544'>\n\t\t\t\tBrandinspektor Scherfl G\u00fcnther, Kommandant des L\u00f6schzuges Itzling a.D., hat einen Tag vor seinem 45. Geburtstag<br \/>\n seinen tapferen Kampf gegen eine heimt\u00fcckische Krankheit<br \/>\n verloren und uns verlassen.<br \/>\n Unsere Wertsch\u00e4tzung f\u00fcr ihn bleibt bestehen.<br \/>\n Unsere Gedanken sind bei seiner Familie.\n\t\t\t\t<\/figcaption><\/figure><figure class='gallery-item'>\n\t\t\t<div class='gallery-icon portrait'>\n\t\t\t\t<a href='https:\/\/www.feuerwehr-bruderhof.at\/wp2\/wp-content\/uploads\/2013\/01\/Sterbebild-Nagelseder-Hans-Georg.jpg'><img loading=\"lazy\" decoding=\"async\" width=\"113\" height=\"150\" src=\"https:\/\/www.feuerwehr-bruderhof.at\/wp2\/wp-content\/uploads\/2013\/01\/Sterbebild-Nagelseder-Hans-Georg-113x150.jpg\" class=\"attachment-thumbnail size-thumbnail\" alt=\"\" aria-describedby=\"gallery-1-7942\" srcset=\"https:\/\/www.feuerwehr-bruderhof.at\/wp2\/wp-content\/uploads\/2013\/01\/Sterbebild-Nagelseder-Hans-Georg-113x150.jpg 113w, https:\/\/www.feuerwehr-bruderhof.at\/wp2\/wp-content\/uploads\/2013\/01\/Sterbebild-Nagelseder-Hans-Georg-250x333.jpg 250w, https:\/\/www.feuerwehr-bruderhof.at\/wp2\/wp-content\/uploads\/2013\/01\/Sterbebild-Nagelseder-Hans-Georg.jpg 540w\" sizes=\"auto, (max-width: 113px) 100vw, 113px\" \/><\/a>\n\t\t\t<\/div>\n\t\t\t\t<figcaption class='wp-caption-text gallery-caption' id='gallery-1-7942'>\n\t\t\t\t    In tiefer Trauer nehmen wir Abschied von OFM Hans Georg Naglseder Freiwillige Feuerwehr Wache Itzling Wir haben einen Freund und Kameraden verloren. In stillem Gedenken Die Kameraden des LZ Bruderhof\n\t\t\t\t<\/figcaption><\/figure><figure class='gallery-item'>\n\t\t\t<div class='gallery-icon portrait'>\n\t\t\t\t<a href='https:\/\/www.feuerwehr-bruderhof.at\/wp2\/wp-content\/uploads\/2017\/02\/Schn\u00f6ll-Rupert-BF.jpg'><img loading=\"lazy\" decoding=\"async\" width=\"110\" height=\"150\" src=\"https:\/\/www.feuerwehr-bruderhof.at\/wp2\/wp-content\/uploads\/2017\/02\/Schn\u00f6ll-Rupert-BF-110x150.jpg\" class=\"attachment-thumbnail size-thumbnail\" alt=\"\" aria-describedby=\"gallery-1-9547\" srcset=\"https:\/\/www.feuerwehr-bruderhof.at\/wp2\/wp-content\/uploads\/2017\/02\/Schn\u00f6ll-Rupert-BF-110x150.jpg 110w, https:\/\/www.feuerwehr-bruderhof.at\/wp2\/wp-content\/uploads\/2017\/02\/Schn\u00f6ll-Rupert-BF.jpg 250w\" sizes=\"auto, (max-width: 110px) 100vw, 110px\" \/><\/a>\n\t\t\t<\/div>\n\t\t\t\t<figcaption class='wp-caption-text gallery-caption' id='gallery-1-9547'>\n\t\t\t\tIn tiefer Trauer nehmen wir Abschied von<br \/>\nHBM a.D. Rupert Schn\u00f6ll<br \/>\nBerufsfeuerwehr Salzburg<br \/>\nWir haben einen Freund verloren.<br \/>\nIn stillem Gedenken<br \/>\nDie Kameraden des LZ Bruderhof\n\t\t\t\t<\/figcaption><\/figure><figure class='gallery-item'>\n\t\t\t<div class='gallery-icon portrait'>\n\t\t\t\t<a href='https:\/\/www.feuerwehr-bruderhof.at\/wp2\/wp-content\/uploads\/2017\/02\/HBM-Strobl-Franz-BF-Bruderhof.jpg'><img loading=\"lazy\" decoding=\"async\" width=\"109\" height=\"150\" src=\"https:\/\/www.feuerwehr-bruderhof.at\/wp2\/wp-content\/uploads\/2017\/02\/HBM-Strobl-Franz-BF-Bruderhof-109x150.jpg\" class=\"attachment-thumbnail size-thumbnail\" alt=\"\" aria-describedby=\"gallery-1-9545\" srcset=\"https:\/\/www.feuerwehr-bruderhof.at\/wp2\/wp-content\/uploads\/2017\/02\/HBM-Strobl-Franz-BF-Bruderhof-109x150.jpg 109w, https:\/\/www.feuerwehr-bruderhof.at\/wp2\/wp-content\/uploads\/2017\/02\/HBM-Strobl-Franz-BF-Bruderhof.jpg 238w\" sizes=\"auto, (max-width: 109px) 100vw, 109px\" \/><\/a>\n\t\t\t<\/div>\n\t\t\t\t<figcaption class='wp-caption-text gallery-caption' id='gallery-1-9545'>\n\t\t\t\tWieder m\u00fcssen wir von einem gesch\u00e4tzten Kameraden der Berufsfeuerwehr Abschied nehmen.<br \/>\nHBM Franz Strobl, war f\u00fcr uns immer ein verl\u00e4sslicher Kamerad und Ansprechpartner in guten und bewegten Zeiten.\nSchon legend\u00e4r sein Ausspruch nach einem Unfall zwischen FF Bruderhof und BF: &#8220; Mit polieren geht da nichts mehr !\nDanke Franz !!\n\t\t\t\t<\/figcaption><\/figure><figure class='gallery-item'>\n\t\t\t<div class='gallery-icon portrait'>\n\t\t\t\t<a href='https:\/\/www.feuerwehr-bruderhof.at\/wp2\/wp-content\/uploads\/2024\/02\/Parte-Gebetsberger-Egon-BF.jpg'><img loading=\"lazy\" decoding=\"async\" width=\"110\" height=\"150\" src=\"https:\/\/www.feuerwehr-bruderhof.at\/wp2\/wp-content\/uploads\/2024\/02\/Parte-Gebetsberger-Egon-BF-110x150.jpg\" class=\"attachment-thumbnail size-thumbnail\" alt=\"\" aria-describedby=\"gallery-1-39968\" srcset=\"https:\/\/www.feuerwehr-bruderhof.at\/wp2\/wp-content\/uploads\/2024\/02\/Parte-Gebetsberger-Egon-BF-110x150.jpg 110w, https:\/\/www.feuerwehr-bruderhof.at\/wp2\/wp-content\/uploads\/2024\/02\/Parte-Gebetsberger-Egon-BF-250x342.jpg 250w, https:\/\/www.feuerwehr-bruderhof.at\/wp2\/wp-content\/uploads\/2024\/02\/Parte-Gebetsberger-Egon-BF-700x958.jpg 700w, https:\/\/www.feuerwehr-bruderhof.at\/wp2\/wp-content\/uploads\/2024\/02\/Parte-Gebetsberger-Egon-BF-768x1051.jpg 768w, https:\/\/www.feuerwehr-bruderhof.at\/wp2\/wp-content\/uploads\/2024\/02\/Parte-Gebetsberger-Egon-BF.jpg 943w\" sizes=\"auto, (max-width: 110px) 100vw, 110px\" \/><\/a>\n\t\t\t<\/div>\n\t\t\t\t<figcaption class='wp-caption-text gallery-caption' id='gallery-1-39968'>\n\t\t\t\tWir haben einen Freund verloren ! Danke f\u00fcr deine Hilfen ! Im Gedenken der LZ Bruderhof\n\t\t\t\t<\/figcaption><\/figure>\n\t\t<\/div>\n\n","protected":false},"excerpt":{"rendered":"","protected":false},"author":1,"featured_media":0,"parent":52,"menu_order":0,"comment_status":"closed","ping_status":"closed","template":"","meta":{"footnotes":""},"class_list":["post-1153","page","type-page","status-publish","hentry"],"_links":{"self":[{"href":"https:\/\/www.feuerwehr-bruderhof.at\/wp2\/wp-json\/wp\/v2\/pages\/1153","targetHints":{"allow":["GET"]}}],"collection":[{"href":"https:\/\/www.feuerwehr-bruderhof.at\/wp2\/wp-json\/wp\/v2\/pages"}],"about":[{"href":"https:\/\/www.feuerwehr-bruderhof.at\/wp2\/wp-json\/wp\/v2\/types\/page"}],"author":[{"embeddable":true,"href":"https:\/\/www.feuerwehr-bruderhof.at\/wp2\/wp-json\/wp\/v2\/users\/1"}],"replies":[{"embeddable":true,"href":"https:\/\/www.feuerwehr-bruderhof.at\/wp2\/wp-json\/wp\/v2\/comments?post=1153"}],"version-history":[{"count":22,"href":"https:\/\/www.feuerwehr-bruderhof.at\/wp2\/wp-json\/wp\/v2\/pages\/1153\/revisions"}],"predecessor-version":[{"id":39969,"href":"https:\/\/www.feuerwehr-bruderhof.at\/wp2\/wp-json\/wp\/v2\/pages\/1153\/revisions\/39969"}],"up":[{"embeddable":true,"href":"https:\/\/www.feuerwehr-bruderhof.at\/wp2\/wp-json\/wp\/v2\/pages\/52"}],"wp:attachment":[{"href":"https:\/\/www.feuerwehr-bruderhof.at\/wp2\/wp-json\/wp\/v2\/media?parent=1153"}],"curies":[{"name":"wp","href":"https:\/\/api.w.org\/{rel}","templated":true}]}}