{"id":428,"date":"2013-01-19T09:30:35","date_gmt":"2013-01-19T07:30:35","guid":{"rendered":"http:\/\/www.feuerwehr-bruderhof.at\/wp2\/?page_id=428"},"modified":"2013-03-17T18:43:46","modified_gmt":"2013-03-17T17:43:46","slug":"fw-strassennamen","status":"publish","type":"page","link":"https:\/\/www.feuerwehr-bruderhof.at\/wp2\/wir-uber-uns\/geschichte\/fw-strassennamen\/","title":{"rendered":"Feuerwehr-Strassennamen"},"content":{"rendered":"<p><strong><span style=\"text-decoration: underline;\">L\u00f6schstrasse:<br \/>\n<\/span><\/strong><\/p>\n<p>Eine Querstrasse der Plainstrasse auf H\u00f6he Lokalbahnhof Itzling<\/p>\n<p><span style=\"text-decoration: underline;\"><strong>Alexander &#8211; Haidenthaller-Strasse:<\/strong> <\/span><\/p>\n<p>Alexander Haidenthaller , geb. 09.02.1868, gest. 24.08.1945 war Ehrenb\u00fcrger der Gemeinde Gnigl und Verfasser einer 14 b\u00e4ndigen Ortschronik von Gnigl. Er hat als Verdienter Schriftf\u00fchrer der FF Gnigl ausf\u00fchrliche Aufzeichnungen \u00fcber deren Gr\u00fcndung und Entwicklung hinterlassen.<\/p>\n<p><span style=\"text-decoration: underline;\"><strong>Andr\u00e4-Bl\u00fcml-Strasse:<\/strong><\/span><\/p>\n<p>Gro\u00dfgrundbesitzer am Neuhauserhof in der Gnigl, geb. 1855, War Ehrenb\u00fcrger von Gnigl und starb dort 1917. Er kam f\u00fcr die Unterbringung der ersten Feuerspritze der Gemeinde Gnigl in dem in seinem Besitz befindlichen &#8222;Steigerhof&#8220; auf und war Gr\u00fcndungsmitglied der FF Gnigl.<\/p>\n<p><span style=\"text-decoration: underline;\"><strong>Cornelius Reitsamer Platz:<\/strong><\/span><\/p>\n<p>Cornelius Reitsamer, von Beruf Goldschmied, geb, 1857, gest. 1930 in Salzburg, war Ehrenb\u00fcrger der Stadt Salzburg. Er hat sich als Kommandant der Freiwilligen Feuerwehr der Stadt Salzburg ( 1902 &#8211; 1930 ), als Bezirksfeuerwehrkommandant des Flachgaues ( 1904 &#8211; 1930 ) und Obmannstellvertreter und F\u00fchrer der Abteilung Feuerwehr im Landesverband f\u00fcr Feuerwehr und Rettungswesen ( 1904 &#8211; 1930 ) um die Entwicklung des Feuerwehr in Stadt und Land Salzburg h\u00f6chst verdient gemacht.<\/p>\n<p><span style=\"text-decoration: underline;\"><strong>Dr. Varschein Gasse:<\/strong><\/span><\/p>\n<p>Dr. Christian Varschein, geb. 1867, praktischer Arzt, Obermedizinalrat, war Gr\u00fcndungsmitglied der Rettungsabteilung der Freiwilligen Feuerwehr der Stadt Salzburg und langj\u00e4hriger F\u00fchrer der Salzburger Freiwilligen Rettungsgesellschaft. Er hat das Rettungswesen in Salzburg initiert, gegr\u00fcndet und in jahrzentelanger Arbeit zu einer schlagkr\u00e4ftigen Organisation ausgebaut.<\/p>\n<p><span style=\"text-decoration: underline;\"><strong>Franz Hattinger Strasse :<\/strong><\/span><\/p>\n<p>Dr. Franz Hattinger, geb. 1859 in Gnigl, hat sich als Gemeindearzt ( seit 1892) und um die Sanit\u00e4tsabteilung der Feuerwehr des Ortes Verdienste erworben. Als Sanit\u00e4tsreferent und st\u00e4ndiger Beirat im Landesverband f\u00fcr Feuerl\u00f6sch- und Rettungswesen war er entscheidend am Aufbau des Rettungswesen im Land Salzburg beteiligt. Gestorben 1941.<\/p>\n<p><span style=\"text-decoration: underline;\"><strong>Ignaz H\u00e4rtl Strasse:<\/strong><\/span><\/p>\n<p>Ignaz H\u00e4rtl, st\u00e4dtischer Schrannenverwalter, gestorben in Salzburg 1901, erwarb sich gro\u00dfe Verdienste um die Ausgestaltung des Salzburger Feuerwehrwesens. Er war Gr\u00fcndungsmitglied der Freiwilligen Feuerwehr der Stadt Salzburg und hat sich als Schriftf\u00fchrer des Landesverbandes f\u00fcr Feuerwehr und Rettungswesen gro\u00dfe Verdienste in der \u00d6ffentlichkeitsarbeit und um die Weiterentwicklung des Feuerwehrwesens im Land Salzburg verdient gemacht.<\/p>\n<p><span style=\"text-decoration: underline;\"><strong>Julius Haagn Strasse:<\/strong><\/span><\/p>\n<p>Julius Haagn wurde am 12.02.1844 in Liefering geboren. Er war Gr\u00fcndungsmitglied der Freiwilligen Feuerwehr der Stadt Salzburg. Als ein \u00fcberaus erfolgreicher Kaufmann ( Firma Zezi ) und auf Grund seiner vielen \u00f6ffentlichen \u00c4mter war er einer der prominentesten Salzburger seiner Zeit. Neben seiner T\u00e4tigkeit als Pr\u00e4sident des Landesverbandes f\u00fcr Feuerwehr- und Rettungswesen war er Zensor der \u00d6sterr. Ungarischen Nationalbank, Pr\u00e4sident des gewerblichen Fortbildungsrates im Land Salzburg, Vizepr\u00e4sident des landwirtschaftlichen Fortbildungsrates im Land Salzburg, durch 30 Jahre Mitglied des Salzburger Landtages, durch 18 Jahre Mitglied des Landesausschusse bzw. Landesrates, 32 Jahre Mitglied der Handels- und Gewerbekammer, langj\u00e4hriger Vorsteher des Handelsgremiums, sieben Jahre Mitglied des Landesschulrates, 18 Jahre Gemeinderat der Stadt Salzburg, 25 Jahre Mitglied des Stadtschulrates, Mitglied des Zollbeirates und der Zentralkommision f\u00fcr gewerblichen Unterricht und 20 Jahre Mitglied des Ausschusses der Salzburger Sparkassse. Ihm wurden die Titel Kaiserlicher Rat, Kommerzialrat und Alt-Landesrat verliehen; er war im Besitz vieler Orden und Ehrenzeichen und au\u00dferdem Ehrenb\u00fcrger der Stadt Salzburg, Ehrenobmann des Kreises Ober\u00f6sterreich-Salzburg, des Deutschen Turnerverbandes 1919, Ehrenmitglied vieler Freiwilligen Feuerwehren und Turnvereinen sowie Ehrenobmann der Zentralkasse der Raiffeisenkasse.<\/p>\n<p><span style=\"text-decoration: underline;\"><strong>Otto Holzbauer Strasse:<\/strong><\/span><\/p>\n<p>Ing. Otto Holzbuaer war Planer und Erbauer des Verkehrs\u00fcbungsplatzes des SAMTC und des Sch\u00fclerverkehrs\u00fcbungsplatzes im St\u00f6lz-Park. Er hat sich ferner um die Errichtung der Landesstelle des Kuratoriums f\u00fcr Verkehrssicherheit bem\u00fcht und schlie\u00dflich auch noch die Planung und Errichtung des an dieser Stra\u00dfe liegenden SAMTC-Zentrums vorbereitet. Als sp\u00e4terer Kommandant der Feuerwehr der Stadt Salzburg ( 1940 &#8211; 1944 ) hat er dieser bereits durch st\u00e4ndige Fahrerschulungen in den Jahren ab 1930 zur besseren Mobilisierung verholfen und war entscheident an dem st\u00e4ndigen Ausbau des Feuermeldewesens und der Feuermeldezentrale in der Wache Bruderhof beteiligt.<\/p>\n<p><span style=\"text-decoration: underline;\"><strong>Otto Pflanzl Stra\u00dfe:<\/strong><\/span><\/p>\n<p>Otto Pflanzl, geboren in Urfahr 1865, Direktor der Stiegelbrauerei, war Gr\u00fcndungsmitglied der Rettungsabteilung der Freiwilligen Feuerwehr Salzburgs und hat sich als langj\u00e4hriger Abteilungsf\u00fchrerstellvertreter der Rettungsabteilung gro\u00dfe Verdienste erworben. Der Salzburger Mundartdichter starb 1943.<\/p>\n<p><span style=\"text-decoration: underline;\"><strong>Sebastian St\u00f6llner Strasse:<\/strong><\/span><\/p>\n<p>Sebastian St\u00f6llner geb. 1873 gest. 1929 war B\u00fcrgermeister von Maxglan von 1918 &#8211; 1929, Kommandant der Freiwilligen Feuerwehr Maxglan von 1923 bis 1929 und Gauhauptmann der Feuerwehren im flachgau. In der nach ihm benannten Stra\u00dfe befand sich die erste Zeugst\u00e4tter der Freiwilligen Feuerwehr Maxglan.<\/p>\n<p><span style=\"text-decoration: underline;\"><strong>Zeughausstrasse:<\/strong><\/span><\/p>\n<p>F\u00fchrt am Zeughaus ( Feuerwache Gnigl ) vorbei.<\/p>\n<p>&nbsp;<\/p>\n<p><a title=\"Kommandanten\" href=\"https:\/\/www.feuerwehr-bruderhof.at\/wp2\/?page_id=426\"><span style=\"float: left;\">&lt;&lt; Zur\u00fcck<\/span><\/a><\/p>\n","protected":false},"excerpt":{"rendered":"<p>L\u00f6schstrasse: Eine Querstrasse der Plainstrasse auf H\u00f6he Lokalbahnhof Itzling Alexander &#8211; Haidenthaller-Strasse: Alexander Haidenthaller , geb. 09.02.1868, gest. 24.08.1945 war<\/p>\n","protected":false},"author":1,"featured_media":0,"parent":50,"menu_order":2,"comment_status":"open","ping_status":"open","template":"","meta":{"footnotes":""},"class_list":["post-428","page","type-page","status-publish","hentry"],"_links":{"self":[{"href":"https:\/\/www.feuerwehr-bruderhof.at\/wp2\/wp-json\/wp\/v2\/pages\/428","targetHints":{"allow":["GET"]}}],"collection":[{"href":"https:\/\/www.feuerwehr-bruderhof.at\/wp2\/wp-json\/wp\/v2\/pages"}],"about":[{"href":"https:\/\/www.feuerwehr-bruderhof.at\/wp2\/wp-json\/wp\/v2\/types\/page"}],"author":[{"embeddable":true,"href":"https:\/\/www.feuerwehr-bruderhof.at\/wp2\/wp-json\/wp\/v2\/users\/1"}],"replies":[{"embeddable":true,"href":"https:\/\/www.feuerwehr-bruderhof.at\/wp2\/wp-json\/wp\/v2\/comments?post=428"}],"version-history":[{"count":7,"href":"https:\/\/www.feuerwehr-bruderhof.at\/wp2\/wp-json\/wp\/v2\/pages\/428\/revisions"}],"predecessor-version":[{"id":432,"href":"https:\/\/www.feuerwehr-bruderhof.at\/wp2\/wp-json\/wp\/v2\/pages\/428\/revisions\/432"}],"up":[{"embeddable":true,"href":"https:\/\/www.feuerwehr-bruderhof.at\/wp2\/wp-json\/wp\/v2\/pages\/50"}],"wp:attachment":[{"href":"https:\/\/www.feuerwehr-bruderhof.at\/wp2\/wp-json\/wp\/v2\/media?parent=428"}],"curies":[{"name":"wp","href":"https:\/\/api.w.org\/{rel}","templated":true}]}}