{"id":5149,"date":"2013-03-17T17:33:20","date_gmt":"2013-03-17T16:33:20","guid":{"rendered":"http:\/\/www.feuerwehr-bruderhof.at\/wp2\/?page_id=5149"},"modified":"2022-04-26T17:51:19","modified_gmt":"2022-04-26T15:51:19","slug":"restaurierung-arbeiten-am-fahrgestell","status":"publish","type":"page","link":"https:\/\/www.feuerwehr-bruderhof.at\/wp2\/ausrustung\/fahrzeuge\/unser-oldtimer\/restaurierung-arbeiten-am-fahrgestell\/","title":{"rendered":"Restaurierung &#8211; Arbeiten am Fahrgestell"},"content":{"rendered":"<p>Tja, wie zu erwarten war, bleiben auch am Fahrgestell Arbeiten nicht aus.<br \/>\nZuerst gilt es, Gevatter Rost Einhalt zu gebieten! &#8211; Am besten hierzu ist aus unserer Sicht nach wie vor das gute, alte Seilbahnfett als Unterboden \u2013 und Korrosionsschutz.<br \/>\nZu unserem Gl\u00fcck hat Mucki nur wenig Rost am Rahmen und Anbauteilen angesetzt.<br \/>\nAm schlimmsten sehen die hinteren Blattfederpakete aus, die aufgrund langj\u00e4hriger Standzeit in einer eher feuchten Garage gelitten haben \u2013 allerdings ohne Substanzverlust.<br \/>\nAlso: Seilbahnfett in die Grundierungs-Lackierpistole, drei Bar am Anschlu\u00df, viel Kunststofffolie, viel Geduld und noch mehr \u00f6lige Haare&#8230;<\/p>\n<p><a href=\"https:\/\/www.feuerwehr-bruderhof.at\/wp2\/wp-content\/uploads\/2013\/03\/dscf1009.jpg\"><img loading=\"lazy\" decoding=\"async\" class=\"size-full wp-image-7291 alignleft\" src=\"https:\/\/www.feuerwehr-bruderhof.at\/wp2\/wp-content\/uploads\/2013\/03\/dscf1009.jpg\" alt=\"dscf1009\" width=\"591\" height=\"443\" srcset=\"https:\/\/www.feuerwehr-bruderhof.at\/wp2\/wp-content\/uploads\/2013\/03\/dscf1009.jpg 591w, https:\/\/www.feuerwehr-bruderhof.at\/wp2\/wp-content\/uploads\/2013\/03\/dscf1009-150x112.jpg 150w, https:\/\/www.feuerwehr-bruderhof.at\/wp2\/wp-content\/uploads\/2013\/03\/dscf1009-250x187.jpg 250w\" sizes=\"auto, (max-width: 591px) 100vw, 591px\" \/><\/a><\/p>\n<p>Als n\u00e4chstes geht es an die Bremstrommeln, bei denen vor allem die linke hintere sehr ungleichm\u00e4\u00dfig \u00fcber den Umfang bremst.<br \/>\nAls Ursache sollte sich bald massiver Bremsabrieb herausstellen.<br \/>\nDie Folge jahrelang nicht durchgef\u00fchrter Wartungsarbeiten&#8230; Der Abrieb reicht f\u00fcr ein kleines Tiefk\u00fchlsackerl!<\/p>\n<p><a href=\"https:\/\/www.feuerwehr-bruderhof.at\/wp2\/wp-content\/uploads\/2013\/03\/mucki_bremsen_aufgebockt_ohne_raeder.jpg\"><img loading=\"lazy\" decoding=\"async\" class=\"alignright size-full wp-image-7293\" src=\"https:\/\/www.feuerwehr-bruderhof.at\/wp2\/wp-content\/uploads\/2013\/03\/mucki_bremsen_aufgebockt_ohne_raeder.jpg\" alt=\"mucki_bremsen_aufgebockt_ohne_raeder\" width=\"400\" height=\"300\" srcset=\"https:\/\/www.feuerwehr-bruderhof.at\/wp2\/wp-content\/uploads\/2013\/03\/mucki_bremsen_aufgebockt_ohne_raeder.jpg 400w, https:\/\/www.feuerwehr-bruderhof.at\/wp2\/wp-content\/uploads\/2013\/03\/mucki_bremsen_aufgebockt_ohne_raeder-150x113.jpg 150w, https:\/\/www.feuerwehr-bruderhof.at\/wp2\/wp-content\/uploads\/2013\/03\/mucki_bremsen_aufgebockt_ohne_raeder-250x188.jpg 250w\" sizes=\"auto, (max-width: 400px) 100vw, 400px\" \/><\/a><a href=\"https:\/\/www.feuerwehr-bruderhof.at\/wp2\/wp-content\/uploads\/2013\/03\/dscf0999.jpg\"><img loading=\"lazy\" decoding=\"async\" class=\"size-full wp-image-7294 alignleft\" src=\"https:\/\/www.feuerwehr-bruderhof.at\/wp2\/wp-content\/uploads\/2013\/03\/dscf0999.jpg\" alt=\"dscf0999\" width=\"591\" height=\"443\" srcset=\"https:\/\/www.feuerwehr-bruderhof.at\/wp2\/wp-content\/uploads\/2013\/03\/dscf0999.jpg 591w, https:\/\/www.feuerwehr-bruderhof.at\/wp2\/wp-content\/uploads\/2013\/03\/dscf0999-150x112.jpg 150w, https:\/\/www.feuerwehr-bruderhof.at\/wp2\/wp-content\/uploads\/2013\/03\/dscf0999-250x187.jpg 250w\" sizes=\"auto, (max-width: 591px) 100vw, 591px\" \/><\/a><\/p>\n<p>Am ersten Bild ist auch die Steckachse der Hinterachse gut ersichtlich.<br \/>\nAuch die vorderen Sto\u00dfd\u00e4mpfer ben\u00f6tigen einige Aufmerksamkeit, da ihre Wirkung nicht mehr optimal war.<br \/>\nMit geeignetem D\u00e4mpfer\u00f6l aus dem Motorradfachhandel war das Problem schnell (naja, nach drei Stunden) nahezu behoben.<\/p>\n<p>Im Zuge der Arbeiten stelle sich auch heraus, das die Achsschenkelbolzen vorne erh\u00f6htes Spiel aufweisen. Links lag das Spiel schon deutlich \u00fcber dem \u201egerade sp\u00fcrbaren\u201c Bereich&#8230;Also die Achsschenkelbolzen aus der Reserveachse ausgebaut und an Muckis eingebaut \u2013 links spielfrei!<br \/>\nRechts ist leider auch die zugeh\u00f6rige Buchse stark ausgeschlagen. Offenbar die Folge der elektrochem. Zersetzung Stahlbolzen \u2013 Messingbuchse, fast selbstverst\u00e4ndlich ohne \u00d6l oder Fett an dieser Stelle.<\/p>\n<p>&nbsp;<\/p>\n<p>&nbsp;<\/p>\n<p>&nbsp;<\/p>\n<p>&nbsp;<\/p>\n<p>&nbsp;<\/p>\n<p>&nbsp;<\/p>\n<p>&nbsp;<\/p>\n<p>&nbsp;<\/p>\n<p>Mittlerweile (22.02.2006) haben wir nach einer kurzen Winterpause die Arbeiten wieder aufgegriffen: der noch anstehende Austausch der rechten vorderen Achsschenkelbolzen und der dazugeh\u00f6rigen Buchsen. Da auch hier das Spiel bereits erheblich war, haben wir das komplette rechte Gelenkgeh\u00e4use inkl. Rad, Bremstrommel, Bremstr\u00e4ger, usw. ordnungsgem\u00e4\u00df zerlegt und aus unserem Fundus beide Achsschenkelbuchsen aufgetrieben und statt Muckis eingebaut. Siehe da, das Lagerspiel ist weg! Auch die Dichtringe hinten am Gelenkgeh\u00e4use machen ihrem Namen wieder Ehre. Kein Staubeintritt, oder \u00d6laustritt mehr! Die Zeit hierf\u00fcr, ca. 3-einhalb Stunden hat sich bezahlt gemacht.<\/p>\n<p><a href=\"https:\/\/www.feuerwehr-bruderhof.at\/wp2\/wp-content\/uploads\/2013\/03\/lenkung_1.jpg\"><img loading=\"lazy\" decoding=\"async\" class=\"alignright size-full wp-image-7295\" src=\"https:\/\/www.feuerwehr-bruderhof.at\/wp2\/wp-content\/uploads\/2013\/03\/lenkung_1.jpg\" alt=\"lenkung_1\" width=\"400\" height=\"300\" srcset=\"https:\/\/www.feuerwehr-bruderhof.at\/wp2\/wp-content\/uploads\/2013\/03\/lenkung_1.jpg 400w, https:\/\/www.feuerwehr-bruderhof.at\/wp2\/wp-content\/uploads\/2013\/03\/lenkung_1-150x113.jpg 150w, https:\/\/www.feuerwehr-bruderhof.at\/wp2\/wp-content\/uploads\/2013\/03\/lenkung_1-250x188.jpg 250w\" sizes=\"auto, (max-width: 400px) 100vw, 400px\" \/><\/a><\/p>\n<p>&nbsp;<\/p>\n<p>&nbsp;<\/p>\n<p>&nbsp;<\/p>\n<p>&nbsp;<\/p>\n<p>&nbsp;<\/p>\n<p>&nbsp;<\/p>\n<p>&nbsp;<\/p>\n<p>&nbsp;<\/p>\n<p>&nbsp;<\/p>\n<p>&nbsp;<\/p>\n<p>&nbsp;<\/p>\n<p style=\"text-align: right;\"><a title=\"Restaurierung \u2013 Wiedereinbau des Motors\" href=\"https:\/\/www.feuerwehr-bruderhof.at\/wp2\/?page_id=5128\"><span style=\"float: left;\">&lt;&lt; Zur\u00fcck<\/span><\/a><a href=\"https:\/\/www.feuerwehr-bruderhof.at\/wp2\/ausrustung\/fahrzeuge\/unser-oldtimer\/motorueberholung-die-zweite\/\">Weiter &gt;&gt;<\/a><\/p>\n","protected":false},"excerpt":{"rendered":"<p>Tja, wie zu erwarten war, bleiben auch am Fahrgestell Arbeiten nicht aus. Zuerst gilt es, Gevatter Rost Einhalt zu gebieten!<\/p>\n","protected":false},"author":1,"featured_media":0,"parent":78,"menu_order":4,"comment_status":"closed","ping_status":"closed","template":"","meta":{"footnotes":""},"class_list":["post-5149","page","type-page","status-publish","hentry"],"_links":{"self":[{"href":"https:\/\/www.feuerwehr-bruderhof.at\/wp2\/wp-json\/wp\/v2\/pages\/5149","targetHints":{"allow":["GET"]}}],"collection":[{"href":"https:\/\/www.feuerwehr-bruderhof.at\/wp2\/wp-json\/wp\/v2\/pages"}],"about":[{"href":"https:\/\/www.feuerwehr-bruderhof.at\/wp2\/wp-json\/wp\/v2\/types\/page"}],"author":[{"embeddable":true,"href":"https:\/\/www.feuerwehr-bruderhof.at\/wp2\/wp-json\/wp\/v2\/users\/1"}],"replies":[{"embeddable":true,"href":"https:\/\/www.feuerwehr-bruderhof.at\/wp2\/wp-json\/wp\/v2\/comments?post=5149"}],"version-history":[{"count":15,"href":"https:\/\/www.feuerwehr-bruderhof.at\/wp2\/wp-json\/wp\/v2\/pages\/5149\/revisions"}],"predecessor-version":[{"id":12815,"href":"https:\/\/www.feuerwehr-bruderhof.at\/wp2\/wp-json\/wp\/v2\/pages\/5149\/revisions\/12815"}],"up":[{"embeddable":true,"href":"https:\/\/www.feuerwehr-bruderhof.at\/wp2\/wp-json\/wp\/v2\/pages\/78"}],"wp:attachment":[{"href":"https:\/\/www.feuerwehr-bruderhof.at\/wp2\/wp-json\/wp\/v2\/media?parent=5149"}],"curies":[{"name":"wp","href":"https:\/\/api.w.org\/{rel}","templated":true}]}}