{"id":5212,"date":"2013-03-17T19:06:48","date_gmt":"2013-03-17T18:06:48","guid":{"rendered":"http:\/\/www.feuerwehr-bruderhof.at\/wp2\/?page_id=5212"},"modified":"2024-08-22T19:39:40","modified_gmt":"2024-08-22T17:39:40","slug":"alter-bruderhof","status":"publish","type":"page","link":"https:\/\/www.feuerwehr-bruderhof.at\/wp2\/ausrustung\/feuerwehrhaus\/alter-bruderhof\/","title":{"rendered":"alter Bruderhof"},"content":{"rendered":"<p><a href=\"https:\/\/www.feuerwehr-bruderhof.at\/wp2\/wp-content\/uploads\/2015\/04\/1999-Bruderhof-alt-8.jpg\"><img loading=\"lazy\" decoding=\"async\" class=\"alignright size-medium wp-image-8180\" src=\"https:\/\/www.feuerwehr-bruderhof.at\/wp2\/wp-content\/uploads\/2015\/04\/1999-Bruderhof-alt-8-250x179.jpg\" alt=\"\" width=\"250\" height=\"179\" srcset=\"https:\/\/www.feuerwehr-bruderhof.at\/wp2\/wp-content\/uploads\/2015\/04\/1999-Bruderhof-alt-8-250x179.jpg 250w, https:\/\/www.feuerwehr-bruderhof.at\/wp2\/wp-content\/uploads\/2015\/04\/1999-Bruderhof-alt-8-150x107.jpg 150w, https:\/\/www.feuerwehr-bruderhof.at\/wp2\/wp-content\/uploads\/2015\/04\/1999-Bruderhof-alt-8.jpg 700w\" sizes=\"auto, (max-width: 250px) 100vw, 250px\" \/><\/a>Seit 1865 hat die Freiwillige Feuerwehr ihren Standort im Bruderhof.<br \/>\nMit der Aufstellung der Berufsfeuerwehr 1946 und neuen Fahrzeugen wurde es im Bruderhof immer enger !<br \/>\nSeit den 80ern wurde verhandelt um einen neuen Standort zu finden.<\/p>\n<p>&nbsp;<\/p>\n<div id='gallery-1' class='gallery galleryid-5212 gallery-columns-4 gallery-size-thumbnail'><figure class='gallery-item'>\n\t\t\t<div class='gallery-icon landscape'>\n\t\t\t\t<a href='https:\/\/www.feuerwehr-bruderhof.at\/wp2\/wp-content\/uploads\/2015\/04\/1999-Bruderhof-alt-1.jpg'><img loading=\"lazy\" decoding=\"async\" width=\"150\" height=\"105\" src=\"https:\/\/www.feuerwehr-bruderhof.at\/wp2\/wp-content\/uploads\/2015\/04\/1999-Bruderhof-alt-1-150x105.jpg\" class=\"attachment-thumbnail size-thumbnail\" alt=\"\" aria-describedby=\"gallery-1-8173\" srcset=\"https:\/\/www.feuerwehr-bruderhof.at\/wp2\/wp-content\/uploads\/2015\/04\/1999-Bruderhof-alt-1-150x105.jpg 150w, https:\/\/www.feuerwehr-bruderhof.at\/wp2\/wp-content\/uploads\/2015\/04\/1999-Bruderhof-alt-1-250x175.jpg 250w, https:\/\/www.feuerwehr-bruderhof.at\/wp2\/wp-content\/uploads\/2015\/04\/1999-Bruderhof-alt-1-700x490.jpg 700w, https:\/\/www.feuerwehr-bruderhof.at\/wp2\/wp-content\/uploads\/2015\/04\/1999-Bruderhof-alt-1.jpg 715w\" sizes=\"auto, (max-width: 150px) 100vw, 150px\" \/><\/a>\n\t\t\t<\/div>\n\t\t\t\t<figcaption class='wp-caption-text gallery-caption' id='gallery-1-8173'>\n\t\t\t\tTank 1 Bruderhof, Pumpe 2 Bruderhofl und die Drehleiter der Kameraden der BF inkl. Anh\u00e4nger BF\n\t\t\t\t<\/figcaption><\/figure><figure class='gallery-item'>\n\t\t\t<div class='gallery-icon landscape'>\n\t\t\t\t<a href='https:\/\/www.feuerwehr-bruderhof.at\/wp2\/wp-content\/uploads\/2015\/04\/1999-Bruderhof-alt-8.jpg'><img loading=\"lazy\" decoding=\"async\" width=\"150\" height=\"107\" src=\"https:\/\/www.feuerwehr-bruderhof.at\/wp2\/wp-content\/uploads\/2015\/04\/1999-Bruderhof-alt-8-150x107.jpg\" class=\"attachment-thumbnail size-thumbnail\" alt=\"\" srcset=\"https:\/\/www.feuerwehr-bruderhof.at\/wp2\/wp-content\/uploads\/2015\/04\/1999-Bruderhof-alt-8-150x107.jpg 150w, https:\/\/www.feuerwehr-bruderhof.at\/wp2\/wp-content\/uploads\/2015\/04\/1999-Bruderhof-alt-8-250x179.jpg 250w, https:\/\/www.feuerwehr-bruderhof.at\/wp2\/wp-content\/uploads\/2015\/04\/1999-Bruderhof-alt-8.jpg 700w\" sizes=\"auto, (max-width: 150px) 100vw, 150px\" \/><\/a>\n\t\t\t<\/div><\/figure><figure class='gallery-item'>\n\t\t\t<div class='gallery-icon landscape'>\n\t\t\t\t<a href='https:\/\/www.feuerwehr-bruderhof.at\/wp2\/wp-content\/uploads\/2015\/04\/1999-Bruderhof-alt-3.jpg'><img loading=\"lazy\" decoding=\"async\" width=\"150\" height=\"106\" src=\"https:\/\/www.feuerwehr-bruderhof.at\/wp2\/wp-content\/uploads\/2015\/04\/1999-Bruderhof-alt-3-150x106.jpg\" class=\"attachment-thumbnail size-thumbnail\" alt=\"\" aria-describedby=\"gallery-1-8175\" srcset=\"https:\/\/www.feuerwehr-bruderhof.at\/wp2\/wp-content\/uploads\/2015\/04\/1999-Bruderhof-alt-3-150x106.jpg 150w, https:\/\/www.feuerwehr-bruderhof.at\/wp2\/wp-content\/uploads\/2015\/04\/1999-Bruderhof-alt-3-250x177.jpg 250w, https:\/\/www.feuerwehr-bruderhof.at\/wp2\/wp-content\/uploads\/2015\/04\/1999-Bruderhof-alt-3-700x496.jpg 700w, https:\/\/www.feuerwehr-bruderhof.at\/wp2\/wp-content\/uploads\/2015\/04\/1999-Bruderhof-alt-3.jpg 705w\" sizes=\"auto, (max-width: 150px) 100vw, 150px\" \/><\/a>\n\t\t\t<\/div>\n\t\t\t\t<figcaption class='wp-caption-text gallery-caption' id='gallery-1-8175'>\n\t\t\t\tAls weitere Garage wurde f\u00fcr R\u00fcst Bruderhof und das Boot eine Abstellfl\u00e4che in der Prodingerstrasse genutzt.\n\t\t\t\t<\/figcaption><\/figure><figure class='gallery-item'>\n\t\t\t<div class='gallery-icon landscape'>\n\t\t\t\t<a href='https:\/\/www.feuerwehr-bruderhof.at\/wp2\/wp-content\/uploads\/2015\/04\/1999-Bruderhof-alt-2.jpg'><img loading=\"lazy\" decoding=\"async\" width=\"150\" height=\"101\" src=\"https:\/\/www.feuerwehr-bruderhof.at\/wp2\/wp-content\/uploads\/2015\/04\/1999-Bruderhof-alt-2-150x101.jpg\" class=\"attachment-thumbnail size-thumbnail\" alt=\"\" srcset=\"https:\/\/www.feuerwehr-bruderhof.at\/wp2\/wp-content\/uploads\/2015\/04\/1999-Bruderhof-alt-2-150x101.jpg 150w, https:\/\/www.feuerwehr-bruderhof.at\/wp2\/wp-content\/uploads\/2015\/04\/1999-Bruderhof-alt-2-250x169.jpg 250w, https:\/\/www.feuerwehr-bruderhof.at\/wp2\/wp-content\/uploads\/2015\/04\/1999-Bruderhof-alt-2-700x472.jpg 700w, https:\/\/www.feuerwehr-bruderhof.at\/wp2\/wp-content\/uploads\/2015\/04\/1999-Bruderhof-alt-2.jpg 741w\" sizes=\"auto, (max-width: 150px) 100vw, 150px\" \/><\/a>\n\t\t\t<\/div><\/figure><figure class='gallery-item'>\n\t\t\t<div class='gallery-icon landscape'>\n\t\t\t\t<a href='https:\/\/www.feuerwehr-bruderhof.at\/wp2\/wp-content\/uploads\/2015\/04\/1999-Bruderhof-alt-4.jpg'><img loading=\"lazy\" decoding=\"async\" width=\"150\" height=\"103\" src=\"https:\/\/www.feuerwehr-bruderhof.at\/wp2\/wp-content\/uploads\/2015\/04\/1999-Bruderhof-alt-4-150x103.jpg\" class=\"attachment-thumbnail size-thumbnail\" alt=\"\" srcset=\"https:\/\/www.feuerwehr-bruderhof.at\/wp2\/wp-content\/uploads\/2015\/04\/1999-Bruderhof-alt-4-150x103.jpg 150w, https:\/\/www.feuerwehr-bruderhof.at\/wp2\/wp-content\/uploads\/2015\/04\/1999-Bruderhof-alt-4-250x171.jpg 250w, https:\/\/www.feuerwehr-bruderhof.at\/wp2\/wp-content\/uploads\/2015\/04\/1999-Bruderhof-alt-4-700x479.jpg 700w, https:\/\/www.feuerwehr-bruderhof.at\/wp2\/wp-content\/uploads\/2015\/04\/1999-Bruderhof-alt-4.jpg 731w\" sizes=\"auto, (max-width: 150px) 100vw, 150px\" \/><\/a>\n\t\t\t<\/div><\/figure><figure class='gallery-item'>\n\t\t\t<div class='gallery-icon landscape'>\n\t\t\t\t<a href='https:\/\/www.feuerwehr-bruderhof.at\/wp2\/wp-content\/uploads\/2015\/04\/1999-Bruderhof-alt-5.jpg'><img loading=\"lazy\" decoding=\"async\" width=\"150\" height=\"101\" src=\"https:\/\/www.feuerwehr-bruderhof.at\/wp2\/wp-content\/uploads\/2015\/04\/1999-Bruderhof-alt-5-150x101.jpg\" class=\"attachment-thumbnail size-thumbnail\" alt=\"\" srcset=\"https:\/\/www.feuerwehr-bruderhof.at\/wp2\/wp-content\/uploads\/2015\/04\/1999-Bruderhof-alt-5-150x101.jpg 150w, https:\/\/www.feuerwehr-bruderhof.at\/wp2\/wp-content\/uploads\/2015\/04\/1999-Bruderhof-alt-5-250x169.jpg 250w, https:\/\/www.feuerwehr-bruderhof.at\/wp2\/wp-content\/uploads\/2015\/04\/1999-Bruderhof-alt-5-700x473.jpg 700w, https:\/\/www.feuerwehr-bruderhof.at\/wp2\/wp-content\/uploads\/2015\/04\/1999-Bruderhof-alt-5.jpg 740w\" sizes=\"auto, (max-width: 150px) 100vw, 150px\" \/><\/a>\n\t\t\t<\/div><\/figure><figure class='gallery-item'>\n\t\t\t<div class='gallery-icon landscape'>\n\t\t\t\t<a href='https:\/\/www.feuerwehr-bruderhof.at\/wp2\/wp-content\/uploads\/2015\/04\/1999-Bruderhof-alt-13.jpg'><img loading=\"lazy\" decoding=\"async\" width=\"150\" height=\"101\" src=\"https:\/\/www.feuerwehr-bruderhof.at\/wp2\/wp-content\/uploads\/2015\/04\/1999-Bruderhof-alt-13-150x101.jpg\" class=\"attachment-thumbnail size-thumbnail\" alt=\"\" aria-describedby=\"gallery-1-8185\" srcset=\"https:\/\/www.feuerwehr-bruderhof.at\/wp2\/wp-content\/uploads\/2015\/04\/1999-Bruderhof-alt-13-150x101.jpg 150w, https:\/\/www.feuerwehr-bruderhof.at\/wp2\/wp-content\/uploads\/2015\/04\/1999-Bruderhof-alt-13-250x168.jpg 250w, https:\/\/www.feuerwehr-bruderhof.at\/wp2\/wp-content\/uploads\/2015\/04\/1999-Bruderhof-alt-13-700x472.jpg 700w, https:\/\/www.feuerwehr-bruderhof.at\/wp2\/wp-content\/uploads\/2015\/04\/1999-Bruderhof-alt-13.jpg 742w\" sizes=\"auto, (max-width: 150px) 100vw, 150px\" \/><\/a>\n\t\t\t<\/div>\n\t\t\t\t<figcaption class='wp-caption-text gallery-caption' id='gallery-1-8185'>\n\t\t\t\tDer Schlauchturm Baujahr 1899\n\t\t\t\t<\/figcaption><\/figure><figure class='gallery-item'>\n\t\t\t<div class='gallery-icon portrait'>\n\t\t\t\t<a href='https:\/\/www.feuerwehr-bruderhof.at\/wp2\/wp-content\/uploads\/2015\/04\/1999-Bruderhof-alt-12.jpg'><img loading=\"lazy\" decoding=\"async\" width=\"104\" height=\"150\" src=\"https:\/\/www.feuerwehr-bruderhof.at\/wp2\/wp-content\/uploads\/2015\/04\/1999-Bruderhof-alt-12-104x150.jpg\" class=\"attachment-thumbnail size-thumbnail\" alt=\"\" aria-describedby=\"gallery-1-8184\" srcset=\"https:\/\/www.feuerwehr-bruderhof.at\/wp2\/wp-content\/uploads\/2015\/04\/1999-Bruderhof-alt-12-104x150.jpg 104w, https:\/\/www.feuerwehr-bruderhof.at\/wp2\/wp-content\/uploads\/2015\/04\/1999-Bruderhof-alt-12-250x360.jpg 250w, https:\/\/www.feuerwehr-bruderhof.at\/wp2\/wp-content\/uploads\/2015\/04\/1999-Bruderhof-alt-12.jpg 500w\" sizes=\"auto, (max-width: 104px) 100vw, 104px\" \/><\/a>\n\t\t\t<\/div>\n\t\t\t\t<figcaption class='wp-caption-text gallery-caption' id='gallery-1-8184'>\n\t\t\t\tDer Schlauchturm Baujahr 1899\n\t\t\t\t<\/figcaption><\/figure><figure class='gallery-item'>\n\t\t\t<div class='gallery-icon landscape'>\n\t\t\t\t<a href='https:\/\/www.feuerwehr-bruderhof.at\/wp2\/wp-content\/uploads\/2015\/04\/1999-Bruderhof-alt-9.jpg'><img loading=\"lazy\" decoding=\"async\" width=\"150\" height=\"101\" src=\"https:\/\/www.feuerwehr-bruderhof.at\/wp2\/wp-content\/uploads\/2015\/04\/1999-Bruderhof-alt-9-150x101.jpg\" class=\"attachment-thumbnail size-thumbnail\" alt=\"\" aria-describedby=\"gallery-1-8181\" srcset=\"https:\/\/www.feuerwehr-bruderhof.at\/wp2\/wp-content\/uploads\/2015\/04\/1999-Bruderhof-alt-9-150x101.jpg 150w, https:\/\/www.feuerwehr-bruderhof.at\/wp2\/wp-content\/uploads\/2015\/04\/1999-Bruderhof-alt-9-250x168.jpg 250w, https:\/\/www.feuerwehr-bruderhof.at\/wp2\/wp-content\/uploads\/2015\/04\/1999-Bruderhof-alt-9-700x472.jpg 700w, https:\/\/www.feuerwehr-bruderhof.at\/wp2\/wp-content\/uploads\/2015\/04\/1999-Bruderhof-alt-9.jpg 742w\" sizes=\"auto, (max-width: 150px) 100vw, 150px\" \/><\/a>\n\t\t\t<\/div>\n\t\t\t\t<figcaption class='wp-caption-text gallery-caption' id='gallery-1-8181'>\n\t\t\t\tDer Schlauchturm Baujahr 1899\n\t\t\t\t<\/figcaption><\/figure><figure class='gallery-item'>\n\t\t\t<div class='gallery-icon landscape'>\n\t\t\t\t<a href='https:\/\/www.feuerwehr-bruderhof.at\/wp2\/wp-content\/uploads\/2015\/04\/1999-Bruderhof-alt-7.jpg'><img loading=\"lazy\" decoding=\"async\" width=\"150\" height=\"101\" src=\"https:\/\/www.feuerwehr-bruderhof.at\/wp2\/wp-content\/uploads\/2015\/04\/1999-Bruderhof-alt-7-150x101.jpg\" class=\"attachment-thumbnail size-thumbnail\" alt=\"\" aria-describedby=\"gallery-1-8179\" srcset=\"https:\/\/www.feuerwehr-bruderhof.at\/wp2\/wp-content\/uploads\/2015\/04\/1999-Bruderhof-alt-7-150x101.jpg 150w, https:\/\/www.feuerwehr-bruderhof.at\/wp2\/wp-content\/uploads\/2015\/04\/1999-Bruderhof-alt-7-250x168.jpg 250w, https:\/\/www.feuerwehr-bruderhof.at\/wp2\/wp-content\/uploads\/2015\/04\/1999-Bruderhof-alt-7-700x472.jpg 700w, https:\/\/www.feuerwehr-bruderhof.at\/wp2\/wp-content\/uploads\/2015\/04\/1999-Bruderhof-alt-7.jpg 742w\" sizes=\"auto, (max-width: 150px) 100vw, 150px\" \/><\/a>\n\t\t\t<\/div>\n\t\t\t\t<figcaption class='wp-caption-text gallery-caption' id='gallery-1-8179'>\n\t\t\t\tDer Schlauchturm Baujahr 1899\n\t\t\t\t<\/figcaption><\/figure><figure class='gallery-item'>\n\t\t\t<div class='gallery-icon landscape'>\n\t\t\t\t<a href='https:\/\/www.feuerwehr-bruderhof.at\/wp2\/wp-content\/uploads\/2015\/04\/1999-Bruderhof-alt-10.jpg'><img loading=\"lazy\" decoding=\"async\" width=\"150\" height=\"103\" src=\"https:\/\/www.feuerwehr-bruderhof.at\/wp2\/wp-content\/uploads\/2015\/04\/1999-Bruderhof-alt-10-150x103.jpg\" class=\"attachment-thumbnail size-thumbnail\" alt=\"\" aria-describedby=\"gallery-1-8182\" srcset=\"https:\/\/www.feuerwehr-bruderhof.at\/wp2\/wp-content\/uploads\/2015\/04\/1999-Bruderhof-alt-10-150x103.jpg 150w, https:\/\/www.feuerwehr-bruderhof.at\/wp2\/wp-content\/uploads\/2015\/04\/1999-Bruderhof-alt-10-250x171.jpg 250w, https:\/\/www.feuerwehr-bruderhof.at\/wp2\/wp-content\/uploads\/2015\/04\/1999-Bruderhof-alt-10-700x479.jpg 700w, https:\/\/www.feuerwehr-bruderhof.at\/wp2\/wp-content\/uploads\/2015\/04\/1999-Bruderhof-alt-10.jpg 730w\" sizes=\"auto, (max-width: 150px) 100vw, 150px\" \/><\/a>\n\t\t\t<\/div>\n\t\t\t\t<figcaption class='wp-caption-text gallery-caption' id='gallery-1-8182'>\n\t\t\t\tDer Schlauchturm Baujahr 1899\n\t\t\t\t<\/figcaption><\/figure><figure class='gallery-item'>\n\t\t\t<div class='gallery-icon landscape'>\n\t\t\t\t<a href='https:\/\/www.feuerwehr-bruderhof.at\/wp2\/wp-content\/uploads\/2015\/04\/1999-Bruderhof-alt-17.jpg'><img loading=\"lazy\" decoding=\"async\" width=\"150\" height=\"100\" src=\"https:\/\/www.feuerwehr-bruderhof.at\/wp2\/wp-content\/uploads\/2015\/04\/1999-Bruderhof-alt-17-150x100.jpg\" class=\"attachment-thumbnail size-thumbnail\" alt=\"\" aria-describedby=\"gallery-1-8189\" srcset=\"https:\/\/www.feuerwehr-bruderhof.at\/wp2\/wp-content\/uploads\/2015\/04\/1999-Bruderhof-alt-17-150x100.jpg 150w, https:\/\/www.feuerwehr-bruderhof.at\/wp2\/wp-content\/uploads\/2015\/04\/1999-Bruderhof-alt-17-250x167.jpg 250w, https:\/\/www.feuerwehr-bruderhof.at\/wp2\/wp-content\/uploads\/2015\/04\/1999-Bruderhof-alt-17-700x467.jpg 700w, https:\/\/www.feuerwehr-bruderhof.at\/wp2\/wp-content\/uploads\/2015\/04\/1999-Bruderhof-alt-17.jpg 750w\" sizes=\"auto, (max-width: 150px) 100vw, 150px\" \/><\/a>\n\t\t\t<\/div>\n\t\t\t\t<figcaption class='wp-caption-text gallery-caption' id='gallery-1-8189'>\n\t\t\t\tUmkleide f\u00fcr die Jugend\n\t\t\t\t<\/figcaption><\/figure><figure class='gallery-item'>\n\t\t\t<div class='gallery-icon landscape'>\n\t\t\t\t<a href='https:\/\/www.feuerwehr-bruderhof.at\/wp2\/wp-content\/uploads\/2015\/04\/1999-Bruderhof-alt-18.jpg'><img loading=\"lazy\" decoding=\"async\" width=\"150\" height=\"103\" src=\"https:\/\/www.feuerwehr-bruderhof.at\/wp2\/wp-content\/uploads\/2015\/04\/1999-Bruderhof-alt-18-150x103.jpg\" class=\"attachment-thumbnail size-thumbnail\" alt=\"\" aria-describedby=\"gallery-1-8190\" srcset=\"https:\/\/www.feuerwehr-bruderhof.at\/wp2\/wp-content\/uploads\/2015\/04\/1999-Bruderhof-alt-18-150x103.jpg 150w, https:\/\/www.feuerwehr-bruderhof.at\/wp2\/wp-content\/uploads\/2015\/04\/1999-Bruderhof-alt-18-250x172.jpg 250w, https:\/\/www.feuerwehr-bruderhof.at\/wp2\/wp-content\/uploads\/2015\/04\/1999-Bruderhof-alt-18-700x481.jpg 700w, https:\/\/www.feuerwehr-bruderhof.at\/wp2\/wp-content\/uploads\/2015\/04\/1999-Bruderhof-alt-18.jpg 728w\" sizes=\"auto, (max-width: 150px) 100vw, 150px\" \/><\/a>\n\t\t\t<\/div>\n\t\t\t\t<figcaption class='wp-caption-text gallery-caption' id='gallery-1-8190'>\n\t\t\t\tUmkleide f\u00fcr die Jugend\n\t\t\t\t<\/figcaption><\/figure><figure class='gallery-item'>\n\t\t\t<div class='gallery-icon landscape'>\n\t\t\t\t<a href='https:\/\/www.feuerwehr-bruderhof.at\/wp2\/wp-content\/uploads\/2015\/04\/1999-Bruderhof-alt-19.jpg'><img loading=\"lazy\" decoding=\"async\" width=\"150\" height=\"101\" src=\"https:\/\/www.feuerwehr-bruderhof.at\/wp2\/wp-content\/uploads\/2015\/04\/1999-Bruderhof-alt-19-150x101.jpg\" class=\"attachment-thumbnail size-thumbnail\" alt=\"\" srcset=\"https:\/\/www.feuerwehr-bruderhof.at\/wp2\/wp-content\/uploads\/2015\/04\/1999-Bruderhof-alt-19-150x101.jpg 150w, https:\/\/www.feuerwehr-bruderhof.at\/wp2\/wp-content\/uploads\/2015\/04\/1999-Bruderhof-alt-19-250x168.jpg 250w, https:\/\/www.feuerwehr-bruderhof.at\/wp2\/wp-content\/uploads\/2015\/04\/1999-Bruderhof-alt-19-700x471.jpg 700w, https:\/\/www.feuerwehr-bruderhof.at\/wp2\/wp-content\/uploads\/2015\/04\/1999-Bruderhof-alt-19.jpg 743w\" sizes=\"auto, (max-width: 150px) 100vw, 150px\" \/><\/a>\n\t\t\t<\/div><\/figure><figure class='gallery-item'>\n\t\t\t<div class='gallery-icon landscape'>\n\t\t\t\t<a href='https:\/\/www.feuerwehr-bruderhof.at\/wp2\/wp-content\/uploads\/2015\/04\/1999-Bruderhof-alt-16.jpg'><img loading=\"lazy\" decoding=\"async\" width=\"150\" height=\"104\" src=\"https:\/\/www.feuerwehr-bruderhof.at\/wp2\/wp-content\/uploads\/2015\/04\/1999-Bruderhof-alt-16-150x104.jpg\" class=\"attachment-thumbnail size-thumbnail\" alt=\"\" aria-describedby=\"gallery-1-8188\" srcset=\"https:\/\/www.feuerwehr-bruderhof.at\/wp2\/wp-content\/uploads\/2015\/04\/1999-Bruderhof-alt-16-150x104.jpg 150w, https:\/\/www.feuerwehr-bruderhof.at\/wp2\/wp-content\/uploads\/2015\/04\/1999-Bruderhof-alt-16-250x173.jpg 250w, https:\/\/www.feuerwehr-bruderhof.at\/wp2\/wp-content\/uploads\/2015\/04\/1999-Bruderhof-alt-16-700x485.jpg 700w, https:\/\/www.feuerwehr-bruderhof.at\/wp2\/wp-content\/uploads\/2015\/04\/1999-Bruderhof-alt-16.jpg 722w\" sizes=\"auto, (max-width: 150px) 100vw, 150px\" \/><\/a>\n\t\t\t<\/div>\n\t\t\t\t<figcaption class='wp-caption-text gallery-caption' id='gallery-1-8188'>\n\t\t\t\tDie Mannschaftsbrause\n\t\t\t\t<\/figcaption><\/figure><figure class='gallery-item'>\n\t\t\t<div class='gallery-icon landscape'>\n\t\t\t\t<a href='https:\/\/www.feuerwehr-bruderhof.at\/wp2\/wp-content\/uploads\/2015\/04\/1999-Bruderhof-alt-15.jpg'><img loading=\"lazy\" decoding=\"async\" width=\"150\" height=\"101\" src=\"https:\/\/www.feuerwehr-bruderhof.at\/wp2\/wp-content\/uploads\/2015\/04\/1999-Bruderhof-alt-15-150x101.jpg\" class=\"attachment-thumbnail size-thumbnail\" alt=\"\" srcset=\"https:\/\/www.feuerwehr-bruderhof.at\/wp2\/wp-content\/uploads\/2015\/04\/1999-Bruderhof-alt-15-150x101.jpg 150w, https:\/\/www.feuerwehr-bruderhof.at\/wp2\/wp-content\/uploads\/2015\/04\/1999-Bruderhof-alt-15-250x168.jpg 250w, https:\/\/www.feuerwehr-bruderhof.at\/wp2\/wp-content\/uploads\/2015\/04\/1999-Bruderhof-alt-15-700x471.jpg 700w, https:\/\/www.feuerwehr-bruderhof.at\/wp2\/wp-content\/uploads\/2015\/04\/1999-Bruderhof-alt-15.jpg 743w\" sizes=\"auto, (max-width: 150px) 100vw, 150px\" \/><\/a>\n\t\t\t<\/div><\/figure><figure class='gallery-item'>\n\t\t\t<div class='gallery-icon portrait'>\n\t\t\t\t<a href='https:\/\/www.feuerwehr-bruderhof.at\/wp2\/wp-content\/uploads\/2015\/04\/1999-Bruderhof-alt-21.jpg'><img loading=\"lazy\" decoding=\"async\" width=\"101\" height=\"150\" src=\"https:\/\/www.feuerwehr-bruderhof.at\/wp2\/wp-content\/uploads\/2015\/04\/1999-Bruderhof-alt-21-101x150.jpg\" class=\"attachment-thumbnail size-thumbnail\" alt=\"\" aria-describedby=\"gallery-1-8193\" srcset=\"https:\/\/www.feuerwehr-bruderhof.at\/wp2\/wp-content\/uploads\/2015\/04\/1999-Bruderhof-alt-21-101x150.jpg 101w, https:\/\/www.feuerwehr-bruderhof.at\/wp2\/wp-content\/uploads\/2015\/04\/1999-Bruderhof-alt-21-250x370.jpg 250w, https:\/\/www.feuerwehr-bruderhof.at\/wp2\/wp-content\/uploads\/2015\/04\/1999-Bruderhof-alt-21.jpg 500w\" sizes=\"auto, (max-width: 101px) 100vw, 101px\" \/><\/a>\n\t\t\t<\/div>\n\t\t\t\t<figcaption class='wp-caption-text gallery-caption' id='gallery-1-8193'>\n\t\t\t\tToillette und Waschraum f\u00fcr den Verwalter\n\t\t\t\t<\/figcaption><\/figure><figure class='gallery-item'>\n\t\t\t<div class='gallery-icon portrait'>\n\t\t\t\t<a href='https:\/\/www.feuerwehr-bruderhof.at\/wp2\/wp-content\/uploads\/2015\/04\/1999-Bruderhof-alt-22.jpg'><img loading=\"lazy\" decoding=\"async\" width=\"105\" height=\"150\" src=\"https:\/\/www.feuerwehr-bruderhof.at\/wp2\/wp-content\/uploads\/2015\/04\/1999-Bruderhof-alt-22-105x150.jpg\" class=\"attachment-thumbnail size-thumbnail\" alt=\"\" srcset=\"https:\/\/www.feuerwehr-bruderhof.at\/wp2\/wp-content\/uploads\/2015\/04\/1999-Bruderhof-alt-22-105x150.jpg 105w, https:\/\/www.feuerwehr-bruderhof.at\/wp2\/wp-content\/uploads\/2015\/04\/1999-Bruderhof-alt-22-250x358.jpg 250w, https:\/\/www.feuerwehr-bruderhof.at\/wp2\/wp-content\/uploads\/2015\/04\/1999-Bruderhof-alt-22.jpg 500w\" sizes=\"auto, (max-width: 105px) 100vw, 105px\" \/><\/a>\n\t\t\t<\/div><\/figure>\n\t\t<\/div>\n\n<p><a title=\"Feuerwehrhaus\" href=\"https:\/\/www.feuerwehr-bruderhof.at\/wp2\/?page_id=24\"><span style=\"float: left;\">&lt;&lt; Zur\u00fcck<\/span><\/a><\/p>\n<p>&nbsp;<\/p>\n","protected":false},"excerpt":{"rendered":"<p>Seit 1865 hat die Freiwillige Feuerwehr ihren Standort im Bruderhof. Mit der Aufstellung der Berufsfeuerwehr 1946 und neuen Fahrzeugen wurde<\/p>\n","protected":false},"author":1,"featured_media":0,"parent":24,"menu_order":0,"comment_status":"closed","ping_status":"closed","template":"","meta":{"footnotes":""},"class_list":["post-5212","page","type-page","status-publish","hentry"],"_links":{"self":[{"href":"https:\/\/www.feuerwehr-bruderhof.at\/wp2\/wp-json\/wp\/v2\/pages\/5212","targetHints":{"allow":["GET"]}}],"collection":[{"href":"https:\/\/www.feuerwehr-bruderhof.at\/wp2\/wp-json\/wp\/v2\/pages"}],"about":[{"href":"https:\/\/www.feuerwehr-bruderhof.at\/wp2\/wp-json\/wp\/v2\/types\/page"}],"author":[{"embeddable":true,"href":"https:\/\/www.feuerwehr-bruderhof.at\/wp2\/wp-json\/wp\/v2\/users\/1"}],"replies":[{"embeddable":true,"href":"https:\/\/www.feuerwehr-bruderhof.at\/wp2\/wp-json\/wp\/v2\/comments?post=5212"}],"version-history":[{"count":20,"href":"https:\/\/www.feuerwehr-bruderhof.at\/wp2\/wp-json\/wp\/v2\/pages\/5212\/revisions"}],"predecessor-version":[{"id":40876,"href":"https:\/\/www.feuerwehr-bruderhof.at\/wp2\/wp-json\/wp\/v2\/pages\/5212\/revisions\/40876"}],"up":[{"embeddable":true,"href":"https:\/\/www.feuerwehr-bruderhof.at\/wp2\/wp-json\/wp\/v2\/pages\/24"}],"wp:attachment":[{"href":"https:\/\/www.feuerwehr-bruderhof.at\/wp2\/wp-json\/wp\/v2\/media?parent=5212"}],"curies":[{"name":"wp","href":"https:\/\/api.w.org\/{rel}","templated":true}]}}