{"id":66,"date":"2013-01-07T23:04:20","date_gmt":"2013-01-07T21:04:20","guid":{"rendered":"http:\/\/www.feuerwehr-bruderhof.at\/wp2\/?page_id=66"},"modified":"2015-06-27T15:31:28","modified_gmt":"2015-06-27T13:31:28","slug":"tank-1","status":"publish","type":"page","link":"https:\/\/www.feuerwehr-bruderhof.at\/wp2\/ausrustung\/fahrzeuge\/tank-1\/","title":{"rendered":"Tank 1"},"content":{"rendered":"<p><a href=\"https:\/\/www.feuerwehr-bruderhof.at\/wp2\/wp-content\/uploads\/2015\/06\/Fahrzeug-Tank1-5.jpg\"><img loading=\"lazy\" decoding=\"async\" class=\"alignright wp-image-7026 size-medium\" src=\"https:\/\/www.feuerwehr-bruderhof.at\/wp2\/wp-content\/uploads\/2015\/06\/Fahrzeug-Tank1-5-250x188.jpg\" alt=\"\" width=\"250\" height=\"188\" srcset=\"https:\/\/www.feuerwehr-bruderhof.at\/wp2\/wp-content\/uploads\/2015\/06\/Fahrzeug-Tank1-5-250x188.jpg 250w, https:\/\/www.feuerwehr-bruderhof.at\/wp2\/wp-content\/uploads\/2015\/06\/Fahrzeug-Tank1-5-150x113.jpg 150w, https:\/\/www.feuerwehr-bruderhof.at\/wp2\/wp-content\/uploads\/2015\/06\/Fahrzeug-Tank1-5-700x525.jpg 700w, https:\/\/www.feuerwehr-bruderhof.at\/wp2\/wp-content\/uploads\/2015\/06\/Fahrzeug-Tank1-5.jpg 1200w\" sizes=\"auto, (max-width: 250px) 100vw, 250px\" \/><\/a><\/p>\n<p>Funkname &#8222;Tank 1 Bruderhof&#8220;<br \/>\nFahrgestell: Mercedes Benz Atego 1629 AF \/ 4&#215;4<br \/>\nHubraum: 6370ccm<br \/>\nZylinderanzahl: 6<br \/>\nLeistung: 210KW ( ca. 286PS)<br \/>\nDrehmoment: max. 1120Nm<br \/>\nGetriebe : 6 Gang \u00a0Gel\u00e4ndeuntersetzung zuschaltbar<br \/>\nAllrad: permanent, Sperre zuschaltbar<br \/>\nDifferentialsperre: hinten zuschaltbar<br \/>\nAufbau: Rosenbauer<br \/>\nTankinhalt: 3.000 Liter<br \/>\nFeuerl\u00f6schkreiselpumpe: Rosenbauer 3000 l\/min<br \/>\nSchnellangriffseinrichtung: 100m HD<br \/>\nSchiebeleiter: 3-teilig 14m<br \/>\nStromaggregat: 14 kVA<\/p>\n<p>Armaturen, Schl\u00e4uche, Schaummittel, zwei Schmutzwasserpumpen mit je 1200l\/min, K\u00fcbelspritze, \u00a0Feuerl\u00f6scher, Wasserwerfer, Motors\u00e4gen, div. Werkzeuge, 4 Atemschutzger\u00e4te 300 bar<\/p>\n<p>Besatzung\u00a0 bis 1 : 8<br \/>\nGesamtgewicht: 16.000 kg<br \/>\nH\u00f6chstgeschwindigkeit: 103 km\/h<br \/>\nBaujahr: 2009<\/p>\n<div id='gallery-1' class='gallery galleryid-66 gallery-columns-3 gallery-size-thumbnail'><figure class='gallery-item'>\n\t\t\t<div class='gallery-icon landscape'>\n\t\t\t\t<a href='https:\/\/www.feuerwehr-bruderhof.at\/wp2\/wp-content\/uploads\/2015\/06\/Fahrzeug-Tank1-6.jpg'><img loading=\"lazy\" decoding=\"async\" width=\"150\" height=\"113\" src=\"https:\/\/www.feuerwehr-bruderhof.at\/wp2\/wp-content\/uploads\/2015\/06\/Fahrzeug-Tank1-6-150x113.jpg\" class=\"attachment-thumbnail size-thumbnail\" alt=\"\" srcset=\"https:\/\/www.feuerwehr-bruderhof.at\/wp2\/wp-content\/uploads\/2015\/06\/Fahrzeug-Tank1-6-150x113.jpg 150w, https:\/\/www.feuerwehr-bruderhof.at\/wp2\/wp-content\/uploads\/2015\/06\/Fahrzeug-Tank1-6-250x188.jpg 250w, https:\/\/www.feuerwehr-bruderhof.at\/wp2\/wp-content\/uploads\/2015\/06\/Fahrzeug-Tank1-6-700x525.jpg 700w, https:\/\/www.feuerwehr-bruderhof.at\/wp2\/wp-content\/uploads\/2015\/06\/Fahrzeug-Tank1-6.jpg 1200w\" sizes=\"auto, (max-width: 150px) 100vw, 150px\" \/><\/a>\n\t\t\t<\/div><\/figure><figure class='gallery-item'>\n\t\t\t<div class='gallery-icon landscape'>\n\t\t\t\t<a href='https:\/\/www.feuerwehr-bruderhof.at\/wp2\/wp-content\/uploads\/2015\/06\/Fahrzeug-Tank1-4.jpg'><img loading=\"lazy\" decoding=\"async\" width=\"150\" height=\"113\" src=\"https:\/\/www.feuerwehr-bruderhof.at\/wp2\/wp-content\/uploads\/2015\/06\/Fahrzeug-Tank1-4-150x113.jpg\" class=\"attachment-thumbnail size-thumbnail\" alt=\"\" srcset=\"https:\/\/www.feuerwehr-bruderhof.at\/wp2\/wp-content\/uploads\/2015\/06\/Fahrzeug-Tank1-4-150x113.jpg 150w, https:\/\/www.feuerwehr-bruderhof.at\/wp2\/wp-content\/uploads\/2015\/06\/Fahrzeug-Tank1-4-250x188.jpg 250w, https:\/\/www.feuerwehr-bruderhof.at\/wp2\/wp-content\/uploads\/2015\/06\/Fahrzeug-Tank1-4-700x525.jpg 700w, https:\/\/www.feuerwehr-bruderhof.at\/wp2\/wp-content\/uploads\/2015\/06\/Fahrzeug-Tank1-4.jpg 1200w\" sizes=\"auto, (max-width: 150px) 100vw, 150px\" \/><\/a>\n\t\t\t<\/div><\/figure><figure class='gallery-item'>\n\t\t\t<div class='gallery-icon landscape'>\n\t\t\t\t<a href='https:\/\/www.feuerwehr-bruderhof.at\/wp2\/wp-content\/uploads\/2015\/06\/Fahrzeug-Tank1-1.jpg'><img loading=\"lazy\" decoding=\"async\" width=\"150\" height=\"113\" src=\"https:\/\/www.feuerwehr-bruderhof.at\/wp2\/wp-content\/uploads\/2015\/06\/Fahrzeug-Tank1-1-150x113.jpg\" class=\"attachment-thumbnail size-thumbnail\" alt=\"\" srcset=\"https:\/\/www.feuerwehr-bruderhof.at\/wp2\/wp-content\/uploads\/2015\/06\/Fahrzeug-Tank1-1-150x113.jpg 150w, https:\/\/www.feuerwehr-bruderhof.at\/wp2\/wp-content\/uploads\/2015\/06\/Fahrzeug-Tank1-1-250x188.jpg 250w, https:\/\/www.feuerwehr-bruderhof.at\/wp2\/wp-content\/uploads\/2015\/06\/Fahrzeug-Tank1-1-700x525.jpg 700w, https:\/\/www.feuerwehr-bruderhof.at\/wp2\/wp-content\/uploads\/2015\/06\/Fahrzeug-Tank1-1.jpg 1200w\" sizes=\"auto, (max-width: 150px) 100vw, 150px\" \/><\/a>\n\t\t\t<\/div><\/figure><figure class='gallery-item'>\n\t\t\t<div class='gallery-icon landscape'>\n\t\t\t\t<a href='https:\/\/www.feuerwehr-bruderhof.at\/wp2\/wp-content\/uploads\/2015\/06\/Fahrzeug-Tank1-7.jpg'><img loading=\"lazy\" decoding=\"async\" width=\"150\" height=\"113\" src=\"https:\/\/www.feuerwehr-bruderhof.at\/wp2\/wp-content\/uploads\/2015\/06\/Fahrzeug-Tank1-7-150x113.jpg\" class=\"attachment-thumbnail size-thumbnail\" alt=\"\" srcset=\"https:\/\/www.feuerwehr-bruderhof.at\/wp2\/wp-content\/uploads\/2015\/06\/Fahrzeug-Tank1-7-150x113.jpg 150w, https:\/\/www.feuerwehr-bruderhof.at\/wp2\/wp-content\/uploads\/2015\/06\/Fahrzeug-Tank1-7-250x188.jpg 250w, https:\/\/www.feuerwehr-bruderhof.at\/wp2\/wp-content\/uploads\/2015\/06\/Fahrzeug-Tank1-7-700x525.jpg 700w, https:\/\/www.feuerwehr-bruderhof.at\/wp2\/wp-content\/uploads\/2015\/06\/Fahrzeug-Tank1-7.jpg 1200w\" sizes=\"auto, (max-width: 150px) 100vw, 150px\" \/><\/a>\n\t\t\t<\/div><\/figure><figure class='gallery-item'>\n\t\t\t<div class='gallery-icon landscape'>\n\t\t\t\t<a href='https:\/\/www.feuerwehr-bruderhof.at\/wp2\/wp-content\/uploads\/2015\/06\/Fahrzeug-Tank1-3.jpg'><img loading=\"lazy\" decoding=\"async\" width=\"150\" height=\"113\" src=\"https:\/\/www.feuerwehr-bruderhof.at\/wp2\/wp-content\/uploads\/2015\/06\/Fahrzeug-Tank1-3-150x113.jpg\" class=\"attachment-thumbnail size-thumbnail\" alt=\"\" srcset=\"https:\/\/www.feuerwehr-bruderhof.at\/wp2\/wp-content\/uploads\/2015\/06\/Fahrzeug-Tank1-3-150x113.jpg 150w, https:\/\/www.feuerwehr-bruderhof.at\/wp2\/wp-content\/uploads\/2015\/06\/Fahrzeug-Tank1-3-250x188.jpg 250w, https:\/\/www.feuerwehr-bruderhof.at\/wp2\/wp-content\/uploads\/2015\/06\/Fahrzeug-Tank1-3-700x525.jpg 700w, https:\/\/www.feuerwehr-bruderhof.at\/wp2\/wp-content\/uploads\/2015\/06\/Fahrzeug-Tank1-3.jpg 1200w\" sizes=\"auto, (max-width: 150px) 100vw, 150px\" \/><\/a>\n\t\t\t<\/div><\/figure><figure class='gallery-item'>\n\t\t\t<div class='gallery-icon landscape'>\n\t\t\t\t<a href='https:\/\/www.feuerwehr-bruderhof.at\/wp2\/wp-content\/uploads\/2015\/06\/Fahrzeug-Tank1-2.jpg'><img loading=\"lazy\" decoding=\"async\" width=\"150\" height=\"113\" src=\"https:\/\/www.feuerwehr-bruderhof.at\/wp2\/wp-content\/uploads\/2015\/06\/Fahrzeug-Tank1-2-150x113.jpg\" class=\"attachment-thumbnail size-thumbnail\" alt=\"\" srcset=\"https:\/\/www.feuerwehr-bruderhof.at\/wp2\/wp-content\/uploads\/2015\/06\/Fahrzeug-Tank1-2-150x113.jpg 150w, https:\/\/www.feuerwehr-bruderhof.at\/wp2\/wp-content\/uploads\/2015\/06\/Fahrzeug-Tank1-2-250x188.jpg 250w, https:\/\/www.feuerwehr-bruderhof.at\/wp2\/wp-content\/uploads\/2015\/06\/Fahrzeug-Tank1-2-700x525.jpg 700w, https:\/\/www.feuerwehr-bruderhof.at\/wp2\/wp-content\/uploads\/2015\/06\/Fahrzeug-Tank1-2.jpg 1200w\" sizes=\"auto, (max-width: 150px) 100vw, 150px\" \/><\/a>\n\t\t\t<\/div><\/figure><figure class='gallery-item'>\n\t\t\t<div class='gallery-icon landscape'>\n\t\t\t\t<a href='https:\/\/www.feuerwehr-bruderhof.at\/wp2\/wp-content\/uploads\/2015\/06\/Fahrzeug-Tank1-9.jpg'><img loading=\"lazy\" decoding=\"async\" width=\"150\" height=\"113\" src=\"https:\/\/www.feuerwehr-bruderhof.at\/wp2\/wp-content\/uploads\/2015\/06\/Fahrzeug-Tank1-9-150x113.jpg\" class=\"attachment-thumbnail size-thumbnail\" alt=\"\" srcset=\"https:\/\/www.feuerwehr-bruderhof.at\/wp2\/wp-content\/uploads\/2015\/06\/Fahrzeug-Tank1-9-150x113.jpg 150w, https:\/\/www.feuerwehr-bruderhof.at\/wp2\/wp-content\/uploads\/2015\/06\/Fahrzeug-Tank1-9-250x188.jpg 250w, https:\/\/www.feuerwehr-bruderhof.at\/wp2\/wp-content\/uploads\/2015\/06\/Fahrzeug-Tank1-9-700x525.jpg 700w, https:\/\/www.feuerwehr-bruderhof.at\/wp2\/wp-content\/uploads\/2015\/06\/Fahrzeug-Tank1-9.jpg 1200w\" sizes=\"auto, (max-width: 150px) 100vw, 150px\" \/><\/a>\n\t\t\t<\/div><\/figure><figure class='gallery-item'>\n\t\t\t<div class='gallery-icon landscape'>\n\t\t\t\t<a href='https:\/\/www.feuerwehr-bruderhof.at\/wp2\/wp-content\/uploads\/2015\/06\/Fahrzeug-Tank1-8.jpg'><img loading=\"lazy\" decoding=\"async\" width=\"150\" height=\"113\" src=\"https:\/\/www.feuerwehr-bruderhof.at\/wp2\/wp-content\/uploads\/2015\/06\/Fahrzeug-Tank1-8-150x113.jpg\" class=\"attachment-thumbnail size-thumbnail\" alt=\"\" srcset=\"https:\/\/www.feuerwehr-bruderhof.at\/wp2\/wp-content\/uploads\/2015\/06\/Fahrzeug-Tank1-8-150x113.jpg 150w, https:\/\/www.feuerwehr-bruderhof.at\/wp2\/wp-content\/uploads\/2015\/06\/Fahrzeug-Tank1-8-250x188.jpg 250w, https:\/\/www.feuerwehr-bruderhof.at\/wp2\/wp-content\/uploads\/2015\/06\/Fahrzeug-Tank1-8-700x525.jpg 700w, https:\/\/www.feuerwehr-bruderhof.at\/wp2\/wp-content\/uploads\/2015\/06\/Fahrzeug-Tank1-8.jpg 1200w\" sizes=\"auto, (max-width: 150px) 100vw, 150px\" \/><\/a>\n\t\t\t<\/div><\/figure>\n\t\t<\/div>\n\n<p>&nbsp;<\/p>\n<p><a title=\"Fahrzeuge\" href=\"https:\/\/www.feuerwehr-bruderhof.at\/wp2\/?page_id=22\"><span style=\"float: left;\">&lt;&lt; Zur\u00fcck<\/span><\/a><a title=\"Pumpe 1\" href=\"https:\/\/www.feuerwehr-bruderhof.at\/wp2\/?page_id=68\"><span style=\"float: right;\">Weiter &gt;&gt;<\/span><\/a><\/p>\n","protected":false},"excerpt":{"rendered":"<p>Funkname &#8222;Tank 1 Bruderhof&#8220; Fahrgestell: Mercedes Benz Atego 1629 AF \/ 4&#215;4 Hubraum: 6370ccm Zylinderanzahl: 6 Leistung: 210KW ( ca.<\/p>\n","protected":false},"author":1,"featured_media":0,"parent":22,"menu_order":1,"comment_status":"open","ping_status":"open","template":"","meta":{"footnotes":""},"class_list":["post-66","page","type-page","status-publish","hentry"],"_links":{"self":[{"href":"https:\/\/www.feuerwehr-bruderhof.at\/wp2\/wp-json\/wp\/v2\/pages\/66","targetHints":{"allow":["GET"]}}],"collection":[{"href":"https:\/\/www.feuerwehr-bruderhof.at\/wp2\/wp-json\/wp\/v2\/pages"}],"about":[{"href":"https:\/\/www.feuerwehr-bruderhof.at\/wp2\/wp-json\/wp\/v2\/types\/page"}],"author":[{"embeddable":true,"href":"https:\/\/www.feuerwehr-bruderhof.at\/wp2\/wp-json\/wp\/v2\/users\/1"}],"replies":[{"embeddable":true,"href":"https:\/\/www.feuerwehr-bruderhof.at\/wp2\/wp-json\/wp\/v2\/comments?post=66"}],"version-history":[{"count":11,"href":"https:\/\/www.feuerwehr-bruderhof.at\/wp2\/wp-json\/wp\/v2\/pages\/66\/revisions"}],"predecessor-version":[{"id":7028,"href":"https:\/\/www.feuerwehr-bruderhof.at\/wp2\/wp-json\/wp\/v2\/pages\/66\/revisions\/7028"}],"up":[{"embeddable":true,"href":"https:\/\/www.feuerwehr-bruderhof.at\/wp2\/wp-json\/wp\/v2\/pages\/22"}],"wp:attachment":[{"href":"https:\/\/www.feuerwehr-bruderhof.at\/wp2\/wp-json\/wp\/v2\/media?parent=66"}],"curies":[{"name":"wp","href":"https:\/\/api.w.org\/{rel}","templated":true}]}}