{"id":70,"date":"2013-01-07T23:05:00","date_gmt":"2013-01-07T21:05:00","guid":{"rendered":"http:\/\/www.feuerwehr-bruderhof.at\/wp2\/?page_id=70"},"modified":"2020-09-11T19:39:31","modified_gmt":"2020-09-11T17:39:31","slug":"tank-2","status":"publish","type":"page","link":"https:\/\/www.feuerwehr-bruderhof.at\/wp2\/ausrustung\/fahrzeuge\/tank-2\/","title":{"rendered":"Tank 2"},"content":{"rendered":"<figure id=\"attachment_13618\" aria-describedby=\"caption-attachment-13618\" style=\"width: 250px\" class=\"wp-caption alignright\"><a href=\"https:\/\/www.feuerwehr-bruderhof.at\/wp2\/wp-content\/uploads\/2019\/07\/20190703-Tank-2-neu-Aufbau-Magirus-Fotos-Ziss-1.jpg\"><img loading=\"lazy\" decoding=\"async\" class=\"size-medium wp-image-13618\" src=\"https:\/\/www.feuerwehr-bruderhof.at\/wp2\/wp-content\/uploads\/2019\/07\/20190703-Tank-2-neu-Aufbau-Magirus-Fotos-Ziss-1-250x188.jpg\" alt=\"\" width=\"250\" height=\"188\" srcset=\"https:\/\/www.feuerwehr-bruderhof.at\/wp2\/wp-content\/uploads\/2019\/07\/20190703-Tank-2-neu-Aufbau-Magirus-Fotos-Ziss-1-250x188.jpg 250w, https:\/\/www.feuerwehr-bruderhof.at\/wp2\/wp-content\/uploads\/2019\/07\/20190703-Tank-2-neu-Aufbau-Magirus-Fotos-Ziss-1-150x113.jpg 150w, https:\/\/www.feuerwehr-bruderhof.at\/wp2\/wp-content\/uploads\/2019\/07\/20190703-Tank-2-neu-Aufbau-Magirus-Fotos-Ziss-1-768x576.jpg 768w, https:\/\/www.feuerwehr-bruderhof.at\/wp2\/wp-content\/uploads\/2019\/07\/20190703-Tank-2-neu-Aufbau-Magirus-Fotos-Ziss-1-700x525.jpg 700w\" sizes=\"auto, (max-width: 250px) 100vw, 250px\" \/><\/a><figcaption id=\"caption-attachment-13618\" class=\"wp-caption-text\">Tank 2 neu<\/figcaption><\/figure>\n<p>Funkrufname &#8222;Tank 2 Bruderhof&#8220;<br \/>\nFahrgestell: Iveco 70 C \/ 18<br \/>\nMotor: Iveco<br \/>\nZylinderanzahl: 4<br \/>\nAbgasturbolader<br \/>\nLeistung: 180 PS<br \/>\nElektrische Anlage: 12V<br \/>\nGetriebe: synchronisiert, 6 Gang<br \/>\nAllradantrieb<br \/>\nDifferentialsperre hinten: zuschaltbar<br \/>\nAufbau: Magirus<br \/>\nTankinhalt: 720 Liter<br \/>\nFeuerl\u00f6schkreiselpumpe Magirus, 1.500 l\/min<br \/>\nSchnellangriffseinrichtung: 80m HD<br \/>\nStromaggregat 9 kVA<\/p>\n<p>Armaturen, Schl\u00e4uche, Schaummittel, Schmutzwasserpumpen, Feuerl\u00f6scher,, Motors\u00e4gen, div. Werkzeuge, 3 Atemschutzger\u00e4te 300 bar<\/p>\n<p>Besatzung:\u00a0 1 : 8<br \/>\nGesamtgewicht: 7.490 kg<br \/>\nH\u00f6chstgeschwindigkeit: 129 km\/h<br \/>\nBaujahr: 2019<\/p>\n<p>&nbsp;<\/p>\n<div id='gallery-1' class='gallery galleryid-70 gallery-columns-3 gallery-size-thumbnail'><figure class='gallery-item'>\n\t\t\t<div class='gallery-icon landscape'>\n\t\t\t\t<a href='https:\/\/www.feuerwehr-bruderhof.at\/wp2\/wp-content\/uploads\/2019\/07\/20190703-Tank-2-neu-Aufbau-Magirus-Fotos-Ziss-1.jpg'><img loading=\"lazy\" decoding=\"async\" width=\"150\" height=\"113\" src=\"https:\/\/www.feuerwehr-bruderhof.at\/wp2\/wp-content\/uploads\/2019\/07\/20190703-Tank-2-neu-Aufbau-Magirus-Fotos-Ziss-1-150x113.jpg\" class=\"attachment-thumbnail size-thumbnail\" alt=\"\" aria-describedby=\"gallery-1-13618\" srcset=\"https:\/\/www.feuerwehr-bruderhof.at\/wp2\/wp-content\/uploads\/2019\/07\/20190703-Tank-2-neu-Aufbau-Magirus-Fotos-Ziss-1-150x113.jpg 150w, https:\/\/www.feuerwehr-bruderhof.at\/wp2\/wp-content\/uploads\/2019\/07\/20190703-Tank-2-neu-Aufbau-Magirus-Fotos-Ziss-1-250x188.jpg 250w, https:\/\/www.feuerwehr-bruderhof.at\/wp2\/wp-content\/uploads\/2019\/07\/20190703-Tank-2-neu-Aufbau-Magirus-Fotos-Ziss-1-768x576.jpg 768w, https:\/\/www.feuerwehr-bruderhof.at\/wp2\/wp-content\/uploads\/2019\/07\/20190703-Tank-2-neu-Aufbau-Magirus-Fotos-Ziss-1-700x525.jpg 700w\" sizes=\"auto, (max-width: 150px) 100vw, 150px\" \/><\/a>\n\t\t\t<\/div>\n\t\t\t\t<figcaption class='wp-caption-text gallery-caption' id='gallery-1-13618'>\n\t\t\t\tTank 2 neu\n\t\t\t\t<\/figcaption><\/figure><figure class='gallery-item'>\n\t\t\t<div class='gallery-icon landscape'>\n\t\t\t\t<a href='https:\/\/www.feuerwehr-bruderhof.at\/wp2\/wp-content\/uploads\/2019\/07\/20190703-Tank-2-neu-Aufbau-Magirus-Fotos-Ziss-2.jpg'><img loading=\"lazy\" decoding=\"async\" width=\"150\" height=\"113\" src=\"https:\/\/www.feuerwehr-bruderhof.at\/wp2\/wp-content\/uploads\/2019\/07\/20190703-Tank-2-neu-Aufbau-Magirus-Fotos-Ziss-2-150x113.jpg\" class=\"attachment-thumbnail size-thumbnail\" alt=\"\" srcset=\"https:\/\/www.feuerwehr-bruderhof.at\/wp2\/wp-content\/uploads\/2019\/07\/20190703-Tank-2-neu-Aufbau-Magirus-Fotos-Ziss-2-150x113.jpg 150w, https:\/\/www.feuerwehr-bruderhof.at\/wp2\/wp-content\/uploads\/2019\/07\/20190703-Tank-2-neu-Aufbau-Magirus-Fotos-Ziss-2-250x188.jpg 250w, https:\/\/www.feuerwehr-bruderhof.at\/wp2\/wp-content\/uploads\/2019\/07\/20190703-Tank-2-neu-Aufbau-Magirus-Fotos-Ziss-2-768x576.jpg 768w, https:\/\/www.feuerwehr-bruderhof.at\/wp2\/wp-content\/uploads\/2019\/07\/20190703-Tank-2-neu-Aufbau-Magirus-Fotos-Ziss-2-700x525.jpg 700w\" sizes=\"auto, (max-width: 150px) 100vw, 150px\" \/><\/a>\n\t\t\t<\/div><\/figure><figure class='gallery-item'>\n\t\t\t<div class='gallery-icon landscape'>\n\t\t\t\t<a href='https:\/\/www.feuerwehr-bruderhof.at\/wp2\/wp-content\/uploads\/2019\/07\/20190703-Tank-2-neu-Aufbau-Magirus-Fotos-Ziss-6.jpg'><img loading=\"lazy\" decoding=\"async\" width=\"150\" height=\"113\" src=\"https:\/\/www.feuerwehr-bruderhof.at\/wp2\/wp-content\/uploads\/2019\/07\/20190703-Tank-2-neu-Aufbau-Magirus-Fotos-Ziss-6-150x113.jpg\" class=\"attachment-thumbnail size-thumbnail\" alt=\"\" srcset=\"https:\/\/www.feuerwehr-bruderhof.at\/wp2\/wp-content\/uploads\/2019\/07\/20190703-Tank-2-neu-Aufbau-Magirus-Fotos-Ziss-6-150x113.jpg 150w, https:\/\/www.feuerwehr-bruderhof.at\/wp2\/wp-content\/uploads\/2019\/07\/20190703-Tank-2-neu-Aufbau-Magirus-Fotos-Ziss-6-250x188.jpg 250w, https:\/\/www.feuerwehr-bruderhof.at\/wp2\/wp-content\/uploads\/2019\/07\/20190703-Tank-2-neu-Aufbau-Magirus-Fotos-Ziss-6-768x576.jpg 768w, https:\/\/www.feuerwehr-bruderhof.at\/wp2\/wp-content\/uploads\/2019\/07\/20190703-Tank-2-neu-Aufbau-Magirus-Fotos-Ziss-6-700x525.jpg 700w\" sizes=\"auto, (max-width: 150px) 100vw, 150px\" \/><\/a>\n\t\t\t<\/div><\/figure><figure class='gallery-item'>\n\t\t\t<div class='gallery-icon landscape'>\n\t\t\t\t<a href='https:\/\/www.feuerwehr-bruderhof.at\/wp2\/wp-content\/uploads\/2019\/07\/20190703-Tank-2-neu-Aufbau-Magirus-Fotos-Ziss-7.jpg'><img loading=\"lazy\" decoding=\"async\" width=\"150\" height=\"113\" src=\"https:\/\/www.feuerwehr-bruderhof.at\/wp2\/wp-content\/uploads\/2019\/07\/20190703-Tank-2-neu-Aufbau-Magirus-Fotos-Ziss-7-150x113.jpg\" class=\"attachment-thumbnail size-thumbnail\" alt=\"\" srcset=\"https:\/\/www.feuerwehr-bruderhof.at\/wp2\/wp-content\/uploads\/2019\/07\/20190703-Tank-2-neu-Aufbau-Magirus-Fotos-Ziss-7-150x113.jpg 150w, https:\/\/www.feuerwehr-bruderhof.at\/wp2\/wp-content\/uploads\/2019\/07\/20190703-Tank-2-neu-Aufbau-Magirus-Fotos-Ziss-7-250x188.jpg 250w, https:\/\/www.feuerwehr-bruderhof.at\/wp2\/wp-content\/uploads\/2019\/07\/20190703-Tank-2-neu-Aufbau-Magirus-Fotos-Ziss-7-768x576.jpg 768w, https:\/\/www.feuerwehr-bruderhof.at\/wp2\/wp-content\/uploads\/2019\/07\/20190703-Tank-2-neu-Aufbau-Magirus-Fotos-Ziss-7-700x525.jpg 700w\" sizes=\"auto, (max-width: 150px) 100vw, 150px\" \/><\/a>\n\t\t\t<\/div><\/figure><figure class='gallery-item'>\n\t\t\t<div class='gallery-icon landscape'>\n\t\t\t\t<a href='https:\/\/www.feuerwehr-bruderhof.at\/wp2\/wp-content\/uploads\/2019\/07\/20190703-Tank-2-neu-Aufbau-Magirus-Fotos-Ziss-3.jpg'><img loading=\"lazy\" decoding=\"async\" width=\"150\" height=\"113\" src=\"https:\/\/www.feuerwehr-bruderhof.at\/wp2\/wp-content\/uploads\/2019\/07\/20190703-Tank-2-neu-Aufbau-Magirus-Fotos-Ziss-3-150x113.jpg\" class=\"attachment-thumbnail size-thumbnail\" alt=\"\" srcset=\"https:\/\/www.feuerwehr-bruderhof.at\/wp2\/wp-content\/uploads\/2019\/07\/20190703-Tank-2-neu-Aufbau-Magirus-Fotos-Ziss-3-150x113.jpg 150w, https:\/\/www.feuerwehr-bruderhof.at\/wp2\/wp-content\/uploads\/2019\/07\/20190703-Tank-2-neu-Aufbau-Magirus-Fotos-Ziss-3-250x188.jpg 250w, https:\/\/www.feuerwehr-bruderhof.at\/wp2\/wp-content\/uploads\/2019\/07\/20190703-Tank-2-neu-Aufbau-Magirus-Fotos-Ziss-3-768x576.jpg 768w, https:\/\/www.feuerwehr-bruderhof.at\/wp2\/wp-content\/uploads\/2019\/07\/20190703-Tank-2-neu-Aufbau-Magirus-Fotos-Ziss-3-700x525.jpg 700w\" sizes=\"auto, (max-width: 150px) 100vw, 150px\" \/><\/a>\n\t\t\t<\/div><\/figure><figure class='gallery-item'>\n\t\t\t<div class='gallery-icon landscape'>\n\t\t\t\t<a href='https:\/\/www.feuerwehr-bruderhof.at\/wp2\/wp-content\/uploads\/2019\/07\/20190703-Tank-2-neu-Aufbau-Magirus-Fotos-Ziss-8.jpg'><img loading=\"lazy\" decoding=\"async\" width=\"150\" height=\"113\" src=\"https:\/\/www.feuerwehr-bruderhof.at\/wp2\/wp-content\/uploads\/2019\/07\/20190703-Tank-2-neu-Aufbau-Magirus-Fotos-Ziss-8-150x113.jpg\" class=\"attachment-thumbnail size-thumbnail\" alt=\"\" srcset=\"https:\/\/www.feuerwehr-bruderhof.at\/wp2\/wp-content\/uploads\/2019\/07\/20190703-Tank-2-neu-Aufbau-Magirus-Fotos-Ziss-8-150x113.jpg 150w, https:\/\/www.feuerwehr-bruderhof.at\/wp2\/wp-content\/uploads\/2019\/07\/20190703-Tank-2-neu-Aufbau-Magirus-Fotos-Ziss-8-250x188.jpg 250w, https:\/\/www.feuerwehr-bruderhof.at\/wp2\/wp-content\/uploads\/2019\/07\/20190703-Tank-2-neu-Aufbau-Magirus-Fotos-Ziss-8-768x576.jpg 768w, https:\/\/www.feuerwehr-bruderhof.at\/wp2\/wp-content\/uploads\/2019\/07\/20190703-Tank-2-neu-Aufbau-Magirus-Fotos-Ziss-8-700x525.jpg 700w\" sizes=\"auto, (max-width: 150px) 100vw, 150px\" \/><\/a>\n\t\t\t<\/div><\/figure><figure class='gallery-item'>\n\t\t\t<div class='gallery-icon landscape'>\n\t\t\t\t<a href='https:\/\/www.feuerwehr-bruderhof.at\/wp2\/wp-content\/uploads\/2019\/07\/20190703-Tank-2-neu-Aufbau-Magirus-Fotos-Ziss-4.jpg'><img loading=\"lazy\" decoding=\"async\" width=\"150\" height=\"113\" src=\"https:\/\/www.feuerwehr-bruderhof.at\/wp2\/wp-content\/uploads\/2019\/07\/20190703-Tank-2-neu-Aufbau-Magirus-Fotos-Ziss-4-150x113.jpg\" class=\"attachment-thumbnail size-thumbnail\" alt=\"\" srcset=\"https:\/\/www.feuerwehr-bruderhof.at\/wp2\/wp-content\/uploads\/2019\/07\/20190703-Tank-2-neu-Aufbau-Magirus-Fotos-Ziss-4-150x113.jpg 150w, https:\/\/www.feuerwehr-bruderhof.at\/wp2\/wp-content\/uploads\/2019\/07\/20190703-Tank-2-neu-Aufbau-Magirus-Fotos-Ziss-4-250x188.jpg 250w, https:\/\/www.feuerwehr-bruderhof.at\/wp2\/wp-content\/uploads\/2019\/07\/20190703-Tank-2-neu-Aufbau-Magirus-Fotos-Ziss-4-768x576.jpg 768w, https:\/\/www.feuerwehr-bruderhof.at\/wp2\/wp-content\/uploads\/2019\/07\/20190703-Tank-2-neu-Aufbau-Magirus-Fotos-Ziss-4-700x525.jpg 700w\" sizes=\"auto, (max-width: 150px) 100vw, 150px\" \/><\/a>\n\t\t\t<\/div><\/figure><figure class='gallery-item'>\n\t\t\t<div class='gallery-icon landscape'>\n\t\t\t\t<a href='https:\/\/www.feuerwehr-bruderhof.at\/wp2\/wp-content\/uploads\/2019\/07\/20190703-Tank-2-neu-Aufbau-Magirus-Fotos-Ziss-9.jpg'><img loading=\"lazy\" decoding=\"async\" width=\"150\" height=\"113\" src=\"https:\/\/www.feuerwehr-bruderhof.at\/wp2\/wp-content\/uploads\/2019\/07\/20190703-Tank-2-neu-Aufbau-Magirus-Fotos-Ziss-9-150x113.jpg\" class=\"attachment-thumbnail size-thumbnail\" alt=\"\" srcset=\"https:\/\/www.feuerwehr-bruderhof.at\/wp2\/wp-content\/uploads\/2019\/07\/20190703-Tank-2-neu-Aufbau-Magirus-Fotos-Ziss-9-150x113.jpg 150w, https:\/\/www.feuerwehr-bruderhof.at\/wp2\/wp-content\/uploads\/2019\/07\/20190703-Tank-2-neu-Aufbau-Magirus-Fotos-Ziss-9-250x188.jpg 250w, https:\/\/www.feuerwehr-bruderhof.at\/wp2\/wp-content\/uploads\/2019\/07\/20190703-Tank-2-neu-Aufbau-Magirus-Fotos-Ziss-9-768x576.jpg 768w, https:\/\/www.feuerwehr-bruderhof.at\/wp2\/wp-content\/uploads\/2019\/07\/20190703-Tank-2-neu-Aufbau-Magirus-Fotos-Ziss-9-700x525.jpg 700w\" sizes=\"auto, (max-width: 150px) 100vw, 150px\" \/><\/a>\n\t\t\t<\/div><\/figure><figure class='gallery-item'>\n\t\t\t<div class='gallery-icon landscape'>\n\t\t\t\t<a href='https:\/\/www.feuerwehr-bruderhof.at\/wp2\/wp-content\/uploads\/2019\/07\/20190703-Tank-2-neu-Aufbau-Magirus-Fotos-Ziss-5.jpg'><img loading=\"lazy\" decoding=\"async\" width=\"150\" height=\"113\" src=\"https:\/\/www.feuerwehr-bruderhof.at\/wp2\/wp-content\/uploads\/2019\/07\/20190703-Tank-2-neu-Aufbau-Magirus-Fotos-Ziss-5-150x113.jpg\" class=\"attachment-thumbnail size-thumbnail\" alt=\"\" srcset=\"https:\/\/www.feuerwehr-bruderhof.at\/wp2\/wp-content\/uploads\/2019\/07\/20190703-Tank-2-neu-Aufbau-Magirus-Fotos-Ziss-5-150x113.jpg 150w, https:\/\/www.feuerwehr-bruderhof.at\/wp2\/wp-content\/uploads\/2019\/07\/20190703-Tank-2-neu-Aufbau-Magirus-Fotos-Ziss-5-250x188.jpg 250w, https:\/\/www.feuerwehr-bruderhof.at\/wp2\/wp-content\/uploads\/2019\/07\/20190703-Tank-2-neu-Aufbau-Magirus-Fotos-Ziss-5-768x576.jpg 768w, https:\/\/www.feuerwehr-bruderhof.at\/wp2\/wp-content\/uploads\/2019\/07\/20190703-Tank-2-neu-Aufbau-Magirus-Fotos-Ziss-5-700x525.jpg 700w\" sizes=\"auto, (max-width: 150px) 100vw, 150px\" \/><\/a>\n\t\t\t<\/div><\/figure><figure class='gallery-item'>\n\t\t\t<div class='gallery-icon landscape'>\n\t\t\t\t<a href='https:\/\/www.feuerwehr-bruderhof.at\/wp2\/wp-content\/uploads\/2019\/07\/20190703-Tank-2-neu-Aufbau-Magirus-Fotos-Ziss-10.jpg'><img loading=\"lazy\" decoding=\"async\" width=\"150\" height=\"113\" src=\"https:\/\/www.feuerwehr-bruderhof.at\/wp2\/wp-content\/uploads\/2019\/07\/20190703-Tank-2-neu-Aufbau-Magirus-Fotos-Ziss-10-150x113.jpg\" class=\"attachment-thumbnail size-thumbnail\" alt=\"\" srcset=\"https:\/\/www.feuerwehr-bruderhof.at\/wp2\/wp-content\/uploads\/2019\/07\/20190703-Tank-2-neu-Aufbau-Magirus-Fotos-Ziss-10-150x113.jpg 150w, https:\/\/www.feuerwehr-bruderhof.at\/wp2\/wp-content\/uploads\/2019\/07\/20190703-Tank-2-neu-Aufbau-Magirus-Fotos-Ziss-10-250x188.jpg 250w, https:\/\/www.feuerwehr-bruderhof.at\/wp2\/wp-content\/uploads\/2019\/07\/20190703-Tank-2-neu-Aufbau-Magirus-Fotos-Ziss-10-768x576.jpg 768w, https:\/\/www.feuerwehr-bruderhof.at\/wp2\/wp-content\/uploads\/2019\/07\/20190703-Tank-2-neu-Aufbau-Magirus-Fotos-Ziss-10-700x525.jpg 700w\" sizes=\"auto, (max-width: 150px) 100vw, 150px\" \/><\/a>\n\t\t\t<\/div><\/figure><figure class='gallery-item'>\n\t\t\t<div class='gallery-icon landscape'>\n\t\t\t\t<a href='https:\/\/www.feuerwehr-bruderhof.at\/wp2\/wp-content\/uploads\/2019\/07\/20190703-Tank-2-neu-Aufbau-Magirus-Fotos-Ziss-12.jpg'><img loading=\"lazy\" decoding=\"async\" width=\"150\" height=\"113\" src=\"https:\/\/www.feuerwehr-bruderhof.at\/wp2\/wp-content\/uploads\/2019\/07\/20190703-Tank-2-neu-Aufbau-Magirus-Fotos-Ziss-12-150x113.jpg\" class=\"attachment-thumbnail size-thumbnail\" alt=\"\" srcset=\"https:\/\/www.feuerwehr-bruderhof.at\/wp2\/wp-content\/uploads\/2019\/07\/20190703-Tank-2-neu-Aufbau-Magirus-Fotos-Ziss-12-150x113.jpg 150w, https:\/\/www.feuerwehr-bruderhof.at\/wp2\/wp-content\/uploads\/2019\/07\/20190703-Tank-2-neu-Aufbau-Magirus-Fotos-Ziss-12-250x188.jpg 250w, https:\/\/www.feuerwehr-bruderhof.at\/wp2\/wp-content\/uploads\/2019\/07\/20190703-Tank-2-neu-Aufbau-Magirus-Fotos-Ziss-12-768x576.jpg 768w, https:\/\/www.feuerwehr-bruderhof.at\/wp2\/wp-content\/uploads\/2019\/07\/20190703-Tank-2-neu-Aufbau-Magirus-Fotos-Ziss-12-700x525.jpg 700w\" sizes=\"auto, (max-width: 150px) 100vw, 150px\" \/><\/a>\n\t\t\t<\/div><\/figure>\n\t\t<\/div>\n\n<p>&nbsp;<\/p>\n<p>&nbsp;<\/p>\n<p><a title=\"Pumpe 1\" href=\"https:\/\/www.feuerwehr-bruderhof.at\/wp2\/?page_id=68\"><span style=\"float: left;\">&lt;&lt; Zur\u00fcck<\/span><\/a><a title=\"Pumpe 2\" href=\"https:\/\/www.feuerwehr-bruderhof.at\/wp2\/?page_id=72\"><span style=\"float: right;\">Weiter &gt;&gt;<\/span><\/a><\/p>\n","protected":false},"excerpt":{"rendered":"<p>Funkrufname &#8222;Tank 2 Bruderhof&#8220; Fahrgestell: Iveco 70 C \/ 18 Motor: Iveco Zylinderanzahl: 4 Abgasturbolader Leistung: 180 PS Elektrische Anlage:<\/p>\n","protected":false},"author":1,"featured_media":0,"parent":22,"menu_order":3,"comment_status":"closed","ping_status":"closed","template":"","meta":{"footnotes":""},"class_list":["post-70","page","type-page","status-publish","hentry"],"_links":{"self":[{"href":"https:\/\/www.feuerwehr-bruderhof.at\/wp2\/wp-json\/wp\/v2\/pages\/70","targetHints":{"allow":["GET"]}}],"collection":[{"href":"https:\/\/www.feuerwehr-bruderhof.at\/wp2\/wp-json\/wp\/v2\/pages"}],"about":[{"href":"https:\/\/www.feuerwehr-bruderhof.at\/wp2\/wp-json\/wp\/v2\/types\/page"}],"author":[{"embeddable":true,"href":"https:\/\/www.feuerwehr-bruderhof.at\/wp2\/wp-json\/wp\/v2\/users\/1"}],"replies":[{"embeddable":true,"href":"https:\/\/www.feuerwehr-bruderhof.at\/wp2\/wp-json\/wp\/v2\/comments?post=70"}],"version-history":[{"count":20,"href":"https:\/\/www.feuerwehr-bruderhof.at\/wp2\/wp-json\/wp\/v2\/pages\/70\/revisions"}],"predecessor-version":[{"id":26810,"href":"https:\/\/www.feuerwehr-bruderhof.at\/wp2\/wp-json\/wp\/v2\/pages\/70\/revisions\/26810"}],"up":[{"embeddable":true,"href":"https:\/\/www.feuerwehr-bruderhof.at\/wp2\/wp-json\/wp\/v2\/pages\/22"}],"wp:attachment":[{"href":"https:\/\/www.feuerwehr-bruderhof.at\/wp2\/wp-json\/wp\/v2\/media?parent=70"}],"curies":[{"name":"wp","href":"https:\/\/api.w.org\/{rel}","templated":true}]}}