{"id":78,"date":"2013-01-07T23:06:20","date_gmt":"2013-01-07T22:06:20","guid":{"rendered":"http:\/\/www.feuerwehr-bruderhof.at\/wp2\/?page_id=78"},"modified":"2019-03-27T13:27:05","modified_gmt":"2019-03-27T12:27:05","slug":"unser-oldtimer","status":"publish","type":"page","link":"https:\/\/www.feuerwehr-bruderhof.at\/wp2\/ausrustung\/fahrzeuge\/unser-oldtimer\/","title":{"rendered":"Unser Oldtimer &#8211; &#8222;Mucki&#8220;"},"content":{"rendered":"<p><a href=\"https:\/\/www.feuerwehr-bruderhof.at\/wp2\/wp-content\/uploads\/2015\/08\/Mucki.jpg\"><img loading=\"lazy\" decoding=\"async\" class=\"alignright size-medium wp-image-7055\" src=\"https:\/\/www.feuerwehr-bruderhof.at\/wp2\/wp-content\/uploads\/2015\/08\/Mucki-250x188.jpg\" alt=\"Mucki\" width=\"250\" height=\"188\" srcset=\"https:\/\/www.feuerwehr-bruderhof.at\/wp2\/wp-content\/uploads\/2015\/08\/Mucki-250x188.jpg 250w, https:\/\/www.feuerwehr-bruderhof.at\/wp2\/wp-content\/uploads\/2015\/08\/Mucki-150x113.jpg 150w, https:\/\/www.feuerwehr-bruderhof.at\/wp2\/wp-content\/uploads\/2015\/08\/Mucki-700x525.jpg 700w, https:\/\/www.feuerwehr-bruderhof.at\/wp2\/wp-content\/uploads\/2015\/08\/Mucki.jpg 1024w\" sizes=\"auto, (max-width: 250px) 100vw, 250px\" \/><\/a>Fahrgestell: OPEL 3.6\/6.700 A \u2013 3 Tonner &#8211; Blitz<br \/>\nMotor: OPEL<br \/>\nHubraum: 3,626cm\u00b3<br \/>\nZylinderanzahl: 6<br \/>\nVergaser: Opel in Lizenz Carter<br \/>\nK\u00fchlung: Wasser<br \/>\nZus\u00e4tzlich f\u00fcr lange Pumpenlaufzeit: \u00d6lk\u00fchler<br \/>\nElektrische Anlage: 12V<br \/>\nGetriebe: Nicht synchronisiert, 5 Gang<br \/>\nAllradantrieb: zuschaltbar<\/p>\n<p>Aufbau: MAGIRUS<br \/>\nTankinhalt: 2.500 Liter<br \/>\nFeuerl\u00f6schkreiselpumpe: 1.500 l\/min<\/p>\n<p><span style=\"text-decoration: underline;\">Ausr\u00fcstung:<\/span><\/p>\n<ul>\n<li>Schnellangriffseinrichtung 25m HD-Schlauch<\/li>\n<li>Steckleiter: 2 Teile<\/li>\n<li>Armaturen, Schl\u00e4uche, Schaummittel,,K\u00fcbelspritze, Feuerl\u00f6scher<\/li>\n<\/ul>\n<p>Gesamtgewicht: 6.100 kg<br \/>\nH\u00f6chstgeschwindigkeit: 90 km\/h<br \/>\nBaujahr: 1942\/43<\/p>\n<p>Als TLF 15 bezeichnet ist dieses Fahrzeug das erste genormte Tankl\u00f6schfahrzeug (es wurde mit oder ohne Allradantrieb ausgeliefert). Verwendet wurde es von der Feuerschutz- und der Luftschutzpolizei (Originalfarbe: Sandgelb).<\/p>\n<p>Nach 1945 war dieses Fahrzeug bis 1975 bei der Berufsfeuerwehr der Stadt Salzburg eingesetzt. Seit Fr\u00fchjahr 1976 steht dieses Fahrzeug im Dienst der Freiwilligen Feuerwehr der Stadt Salzburg Wache Bruderhof.<\/p>\n<p>Eine technische General\u00fcberholung und der Einbau von Bremskraftverst\u00e4rker, Funkger\u00e4t, Pressluftfolgetonhorn, Rundumkennleuchten und Neulackierung erfolgten 1976.<\/p>\n<p>Dank seiner enormen Gel\u00e4ndeg\u00e4ngigkeit und seiner kompakten Bauweise und der damit verbunden M\u00f6glichkeit die Salzburger Stadtberge, durch die engen und steilen Auffahrten zu erreichen, war\u00a0 dieses Fahrzeug als Reserve bis 2000 noch aktiv im Dienst!<\/p>\n<p><a title=\"Boot\" href=\"https:\/\/www.feuerwehr-bruderhof.at\/wp2\/?page_id=76\"><span style=\"float: left;\">&lt;&lt; Zur\u00fcck<\/span><\/a><a title=\"Allgemeine Angaben zu unserem Mucki\" href=\"https:\/\/www.feuerwehr-bruderhof.at\/wp2\/?page_id=5005\"><span style=\"float: right;\">Weiter &gt;&gt;<\/span><\/a><\/p>\n","protected":false},"excerpt":{"rendered":"<p>Fahrgestell: OPEL 3.6\/6.700 A \u2013 3 Tonner &#8211; Blitz Motor: OPEL Hubraum: 3,626cm\u00b3 Zylinderanzahl: 6 Vergaser: Opel in Lizenz Carter<\/p>\n","protected":false},"author":1,"featured_media":0,"parent":22,"menu_order":7,"comment_status":"open","ping_status":"closed","template":"","meta":{"footnotes":""},"class_list":["post-78","page","type-page","status-publish","hentry"],"_links":{"self":[{"href":"https:\/\/www.feuerwehr-bruderhof.at\/wp2\/wp-json\/wp\/v2\/pages\/78","targetHints":{"allow":["GET"]}}],"collection":[{"href":"https:\/\/www.feuerwehr-bruderhof.at\/wp2\/wp-json\/wp\/v2\/pages"}],"about":[{"href":"https:\/\/www.feuerwehr-bruderhof.at\/wp2\/wp-json\/wp\/v2\/types\/page"}],"author":[{"embeddable":true,"href":"https:\/\/www.feuerwehr-bruderhof.at\/wp2\/wp-json\/wp\/v2\/users\/1"}],"replies":[{"embeddable":true,"href":"https:\/\/www.feuerwehr-bruderhof.at\/wp2\/wp-json\/wp\/v2\/comments?post=78"}],"version-history":[{"count":13,"href":"https:\/\/www.feuerwehr-bruderhof.at\/wp2\/wp-json\/wp\/v2\/pages\/78\/revisions"}],"predecessor-version":[{"id":12827,"href":"https:\/\/www.feuerwehr-bruderhof.at\/wp2\/wp-json\/wp\/v2\/pages\/78\/revisions\/12827"}],"up":[{"embeddable":true,"href":"https:\/\/www.feuerwehr-bruderhof.at\/wp2\/wp-json\/wp\/v2\/pages\/22"}],"wp:attachment":[{"href":"https:\/\/www.feuerwehr-bruderhof.at\/wp2\/wp-json\/wp\/v2\/media?parent=78"}],"curies":[{"name":"wp","href":"https:\/\/api.w.org\/{rel}","templated":true}]}}