{"id":9,"date":"2013-01-07T17:26:23","date_gmt":"2013-01-07T15:26:23","guid":{"rendered":"http:\/\/www.feuerwehr-bruderhof.at\/wp2\/?page_id=9"},"modified":"2025-12-18T18:52:28","modified_gmt":"2025-12-18T17:52:28","slug":"wir-uber-uns","status":"publish","type":"page","link":"https:\/\/www.feuerwehr-bruderhof.at\/wp2\/wir-uber-uns\/","title":{"rendered":"Wir \u00fcber uns &#8211; Der L\u00f6schzug Bruderhof"},"content":{"rendered":"<p style=\"text-align: justify;\">Die Freiwillige Feuerwehr der Landeshauptstadt Salzburg, L\u00f6schzug Bruderhof, ist eine ehrenamtlich t\u00e4tige, freiwillige Einsatzorganisation. Ihre prim\u00e4re Aufgabe ist die Unterst\u00fctzung der Berufsfeuerwehr der Landeshauptstadt\u00a0 Salzburg und \u2013 im Bedarfsfall \u2013 auch der \u00fcber\u00f6rtliche Einsatz zur Hilfeleistung au\u00dferhalb der Stadt.<\/p>\n<p style=\"text-align: justify;\">Das Einsatzspektrum umfasst dabei die klassische Brandbek\u00e4mpfung und die technische Hilfeleistung wie z.B. bei Sturmsch\u00e4den, Hochwasser oder Verkehrsunf\u00e4llen. In enger Zusammenarbeit mit der Berufsfeuerwehr werden dar\u00fcber hinaus auch Brandsicherheitswachen bei kulturellen Veranstaltungen durchgef\u00fchrt.<\/p>\n<p style=\"text-align: justify;\">Das Stadtgebiet von Salzburg umfasst eine Fl\u00e4che von ca. 66 km2 bei einem Umfang von 44 km, die Stadt hat derzeit ca. 150.000 Einwohner, die Zahl der in Salzburg wohnenden Menschen steigt in der Hochsaison, bedingt durch viele N\u00e4chtigungen (etwa 2,2 Millionen pro Jahr) der Salzburg besuchenden Touristen, zus\u00e4tzlich an.<\/p>\n<p style=\"text-align: justify;\">Aus unserer Sicht stellt die Stadt Salzburg hohe Anforderungen an eine Feuerwehr. Der Stadtkern mit engen, dicht verbauten Gassen, Kirchen, den historischen Bauwerken sowie den Stadtbergen und die Festung Hohensalzburg stellen im Einsatzfall eine besondere Herausforderung dar. Hat der Stadtkern den Charakter einer Fremdenverkehrs- und Festspielstadt mit vielen Theatern und Beherbergungsunternehmen, so bestehen in den Au\u00dfenbezirken und den angrenzenden Gemeinden ein Flughafen, gro\u00dfe Industrieanlagen, Mineral\u00f6llager etc., aber auch Gebiete, in welchen sich der l\u00e4ndliche Charakter noch zur G\u00e4nze erhalten hat. Besonderes Augenmerk hat die Feuerwehr auch dem Brandschutz in 79 Horten und Kinderg\u00e4rten, 17 Altersheimen, \u00fcber 80 Schul- und Universit\u00e4tsgeb\u00e4uden und 8 Krankenh\u00e4usern zu schenken. Dar\u00fcber hinaus kann auch der Fluss durch die Stadt, die Salzach, ein hohes Gefahrenpotential bedeuten.<\/p>\n<p style=\"text-align: justify;\">Die Berufsfeuerwehr ist in zwei Zeugst\u00e4tten (J\u00e4germ\u00fcllerstrasse im Stadtteil Maxglan und Schallmooser Hauptstrasse im Stadtteil Schallmoos) situiert und st\u00e4ndig mit einem Mindeststand von 30 Mann besetzt, in die vier Bereitstellungsr\u00e4ume der Freiwilligen Feuerwehr (Bruderhof, Gnigl, Itzling und Liefering) r\u00fcckt die Mannschaft nur im Bedarfsfall ein. Bei jedem L\u00f6schzug der Freiwilligen Feuerwehr wird einmal w\u00f6chentlich ein mindestens 2-st\u00fcndiger \u00dcbungs- und Schulungsdienst durchgef\u00fchrt. Der L\u00f6schzug Bruderhof der Freiwilligen Feuerwehr der Stadt Salzburg ist als einziger gemeinsam mit der Berufsfeuerwehr in einem Geb\u00e4udekomplex untergebracht.<\/p>\n<p style=\"text-align: justify;\">Die Alarmierung erfolgt prim\u00e4r \u00fcber den sogenannten &#8222;stillen Alarm&#8220; mittels Personenrufempf\u00e4ngern (Pager, Piepser) kombiniert mit einer SMS-Meldung \u00fcber Mobiltelefon, weiters besteht auch die M\u00f6glichkeit der Sirenenalarmierung. Im steten Monatswechsel \u00fcbernimmt jeder freiwillige L\u00f6schzug in der Stadt Salzburg eine \u201eerste Monatsbereitschaft\u201c.<\/p>\n<p style=\"text-align: justify;\">Neben der Normausr\u00fcstung \u2013 im Fall des L\u00f6schzuges Bruderhof zwei Tankl\u00f6schfahrzeuge, zwei L\u00f6schfahrzeuge und ein Versorgungsfahrzeug \u2013 besteht auf Grund der Spezialisierung der einzelnen L\u00f6schz\u00fcge noch eine zus\u00e4tzliche Ausstattung (Feuerwehrzille, Strahlenschutzausr\u00fcstung)<\/p>\n<p style=\"text-align: justify;\">Die Mitgliedschaft zur Freiwilligen Feuerwehr entsteht durch freiwilligen Beitritt, d.h. jede Person ab einem Alter von 15 Jahren, die geistig und k\u00f6rperlich den Anspruchsvoraussetzungen entspricht und nicht vorbestraft ist, kann der Freiwilligen Feuerwehr \u2013 nach Zustimmung durch den Ortsfeuerwehrkommandanten &#8211; beitreten.<\/p>\n<p style=\"text-align: justify;\">Da die Mitglieder der Freiwilligen Feuerwehr ihre T\u00e4tigkeit ehrenamtlich aus\u00fcben, haben sie keinen Anspruch auf Entlohnung oder Ersatz von Verdienstentgang und dergleichen. Bei Unf\u00e4llen im Dienst, die eine dauernde Beeintr\u00e4chtigung zur Folge haben, greifen Leistungen der gesetzlichen Unfallversicherung.<\/p>\n<p style=\"text-align: justify;\">Da neben modernem Ger\u00e4t die intensive Ausbildung den besten Garanten f\u00fcr optimalen Einsatzerfolg darstellt, werden die Angeh\u00f6rigen der Freiwilligen Feuerwehr auf allen in Frage kommenden Fachgebieten sowohl im Eigenbereich, als auch in der Landesfeuerwehrschule und bei der Berufsfeuerwehr einer intensiven Ausbildung unterworfen.<\/p>\n","protected":false},"excerpt":{"rendered":"<p>Die Freiwillige Feuerwehr der Landeshauptstadt Salzburg, L\u00f6schzug Bruderhof, ist eine ehrenamtlich t\u00e4tige, freiwillige Einsatzorganisation. Ihre prim\u00e4re Aufgabe ist die Unterst\u00fctzung<\/p>\n","protected":false},"author":1,"featured_media":0,"parent":0,"menu_order":2,"comment_status":"closed","ping_status":"closed","template":"","meta":{"footnotes":""},"class_list":["post-9","page","type-page","status-publish","hentry"],"_links":{"self":[{"href":"https:\/\/www.feuerwehr-bruderhof.at\/wp2\/wp-json\/wp\/v2\/pages\/9","targetHints":{"allow":["GET"]}}],"collection":[{"href":"https:\/\/www.feuerwehr-bruderhof.at\/wp2\/wp-json\/wp\/v2\/pages"}],"about":[{"href":"https:\/\/www.feuerwehr-bruderhof.at\/wp2\/wp-json\/wp\/v2\/types\/page"}],"author":[{"embeddable":true,"href":"https:\/\/www.feuerwehr-bruderhof.at\/wp2\/wp-json\/wp\/v2\/users\/1"}],"replies":[{"embeddable":true,"href":"https:\/\/www.feuerwehr-bruderhof.at\/wp2\/wp-json\/wp\/v2\/comments?post=9"}],"version-history":[{"count":11,"href":"https:\/\/www.feuerwehr-bruderhof.at\/wp2\/wp-json\/wp\/v2\/pages\/9\/revisions"}],"predecessor-version":[{"id":12344,"href":"https:\/\/www.feuerwehr-bruderhof.at\/wp2\/wp-json\/wp\/v2\/pages\/9\/revisions\/12344"}],"wp:attachment":[{"href":"https:\/\/www.feuerwehr-bruderhof.at\/wp2\/wp-json\/wp\/v2\/media?parent=9"}],"curies":[{"name":"wp","href":"https:\/\/api.w.org\/{rel}","templated":true}]}}